{"id":1216,"date":"2020-08-03T22:39:16","date_gmt":"2020-08-04T01:39:16","guid":{"rendered":"https:\/\/obraterapeuticaorione.com.br\/?page_id=1216"},"modified":"2022-02-04T15:24:37","modified_gmt":"2022-02-04T18:24:37","slug":"voluntariado","status":"publish","type":"page","link":"https:\/\/obraterapeuticadomorione.com.br\/index.php\/voluntariado\/","title":{"rendered":"Voluntariado"},"content":{"rendered":"<p>[vc_row][vc_column][apus_title_heading style=&#8221;default_dark&#8221;]O volunt\u00e1rio \u00e9 fonte de novas ideias, criatividade e vida para os recuperandos![\/apus_title_heading][vc_column_text]<\/p>\n<p class=\"font_8\">Diante da car\u00eancia dos servi\u00e7os p\u00fablicos e do alto custo da m\u00e3o-de-obra, o trabalho volunt\u00e1rio \u00e9 de grande import\u00e2ncia para a Comunidade Terap\u00eautica S\u00e3o Lu\u00eds Orione otimizar os resultados da interna\u00e7\u00e3o.<\/p>\n<p class=\"font_8\">M\u00e9dicos, homeopatas, acupunturistas, psic\u00f3logos, terapeutas ocupacionais e outros propiciam uma melhor sa\u00fade f\u00edsica, mental e emocional aos residentes e promovem maior qualidade \u00e0 recupera\u00e7\u00e3o.<\/p>\n<p>M\u00fasicos, atores, poetas s\u00e3o bem vindos para apresentarem sua arte, propiciarem novos conhecimentos, novas experi\u00eancias e abrir novos horizontes para os internos.<\/p>\n<p>[\/vc_column_text][\/vc_column][\/vc_row][vc_row][vc_column][apus_title_heading style=&#8221;default_dark&#8221;]<\/p>\n<h1 class=\"font_0\">OS DEVERES DO VOLUNT\u00c1RIO<\/h1>\n<p>[\/apus_title_heading][vc_column_text]<\/p>\n<ul class=\"font_8\">\n<li>\n<p class=\"font_8\">O volunt\u00e1rio dever\u00e1 seguir as regras e os procedimentos pr\u00e9-estabelecidos pela Associa\u00e7\u00e3o. O n\u00e3o cumprimento das mesmas implicar\u00e1 em seu afastamento.<\/p>\n<\/li>\n<\/ul>\n<ul class=\"font_7\">\n<li>\n<p class=\"font_7\">O relacionamento junto aos funcion\u00e1rios da Associa\u00e7\u00e3o dever\u00e1 ser fraterno, o volunt\u00e1rio \u00e9 um colaborador.<\/p>\n<\/li>\n<\/ul>\n<ul class=\"font_7\">\n<li>\n<p class=\"font_7\">N\u00e3o ser\u00e1 permitida a interfer\u00eancia do volunt\u00e1rio nas quest\u00f5es internas. Sempre que se deparar com situa\u00e7\u00f5es que extrapolem suas compet\u00eancias, elas dever\u00e3o ser levadas \u00e0 Diretoria para que sejam tomadas as medidas cab\u00edveis.<\/p>\n<\/li>\n<\/ul>\n<ul class=\"font_7\">\n<li>\n<p class=\"font_7\">Um comportamento respons\u00e1vel do volunt\u00e1rio \u00e9 imprescind\u00edvel, pois estar\u00e1 lidando com pessoas que passam por um momento de fragilidade em suas vidas.<\/p>\n<\/li>\n<\/ul>\n<ul class=\"font_7\">\n<li>\n<p class=\"font_7\">O volunt\u00e1rio dever\u00e1 participar dos programas de forma\u00e7\u00e3o\/ treinamento destinado ao bom desenvolvimento do trabalho.<\/p>\n<\/li>\n<\/ul>\n<ul class=\"font_7\">\n<li>\n<p class=\"font_7\">Dever\u00e1 zelar pela boa utiliza\u00e7\u00e3o dos recursos materiais e dos bens, equipamentos e utens\u00edlios postos ao seu dispor para realiza\u00e7\u00e3o de suas tarefas.<\/p>\n<\/li>\n<\/ul>\n<ul class=\"font_7\">\n<li>\n<p class=\"font_7\">Dever\u00e1 colaborar com os coordenadores da Associa\u00e7\u00e3o, respeitando suas op\u00e7\u00f5es e seguindo as suas orienta\u00e7\u00f5es t\u00e9cnicas.<\/p>\n<\/li>\n<\/ul>\n<ul class=\"font_7\">\n<li>\n<p class=\"font_7\">Dever\u00e1 utilizar devidamente a identifica\u00e7\u00e3o como volunt\u00e1rio no exerc\u00edcio de sua atividade.<\/p>\n<\/li>\n<\/ul>\n<p>[\/vc_column_text][\/vc_column][\/vc_row][vc_row][vc_column][apus_title_heading style=&#8221;default_dark&#8221;]Como ser volunt\u00e1rio?[\/apus_title_heading][vc_column_text]<\/p>\n<h3 class=\"font_3\"><span class=\"color_11\">Entre em contato conosco e veja como voc\u00ea pode ajudar. Sua contribui\u00e7\u00e3o far\u00e1 toda a diferen\u00e7a!<\/span><\/h3>\n<p>[\/vc_column_text][vc_empty_space][\/vc_column][\/vc_row][vc_row][vc_column width=&#8221;1\/4&#8243;][vc_icon icon_fontawesome=&#8221;fas fa-laptop-medical&#8221; color=&#8221;juicy_pink&#8221;][apus_boxinfo title=&#8221;Sa\u00fade&#8221; description=&#8221;Profissionais da \u00e1rea de sa\u00fade podem atender os residentes na Comunidade Terap\u00eautica ou abrir um espa\u00e7o em suas agendas para atend\u00ea-los em seus consult\u00f3rios.&#8221; button_url=&#8221;https:\/\/obraterapeuticadomorione.com.br\/index.php\/formulario\/&#8221;][\/vc_column][vc_column width=&#8221;1\/4&#8243;][vc_icon icon_fontawesome=&#8221;fas fa-chalkboard-teacher&#8221; color=&#8221;juicy_pink&#8221;][apus_boxinfo title=&#8221;Palestras&#8221; description=&#8221;Reserve um espa\u00e7o em sua agenda para n\u00f3s e partilhe o seu conhecimento. Sua palestra ser\u00e1 importante para os membros e amigos da comunidade.&#8221; button_url=&#8221;https:\/\/obraterapeuticadomorione.com.br\/index.php\/formulario\/&#8221;][\/vc_column][vc_column width=&#8221;1\/4&#8243;][vc_icon icon_fontawesome=&#8221;fas fa-running&#8221; color=&#8221;juicy_pink&#8221;][apus_boxinfo title=&#8221;Educador F\u00edsico&#8221; description=&#8221;O educador f\u00edsico poder\u00e1 trabalhar na comunidade com exerc\u00edcios f\u00edsicos direcionado e tamb\u00e9m nas atividades coletivas de lazer.&#8221; button_url=&#8221;https:\/\/obraterapeuticadomorione.com.br\/index.php\/formulario\/&#8221;][\/vc_column][vc_column width=&#8221;1\/4&#8243;][vc_icon icon_fontawesome=&#8221;fas fa-fax&#8221; color=&#8221;juicy_pink&#8221;][apus_boxinfo title=&#8221;Atividades administrativas&#8221; description=&#8221;Profissionais da \u00e1rea da administra\u00e7\u00e3o e de inform\u00e1tica para trabalho no escrit\u00f3rio.&#8221; button_url=&#8221;https:\/\/obraterapeuticadomorione.com.br\/index.php\/formulario\/&#8221;][\/vc_column][\/vc_row][vc_row][vc_column][vc_empty_space][vc_empty_space][\/vc_column][\/vc_row]<\/p>\n","protected":false},"excerpt":{"rendered":"<p>[vc_row][vc_column][apus_title_heading style=&#8221;default_dark&#8221;]O volunt\u00e1rio \u00e9 fonte de novas ideias, criatividade e vida para os recuperandos![\/apus_title_heading][vc_column_text] Diante da car\u00eancia dos servi\u00e7os p\u00fablicos e do alto custo da m\u00e3o-de-obra, o trabalho volunt\u00e1rio \u00e9 de grande import\u00e2ncia para a Comunidade Terap\u00eautica S\u00e3o Lu\u00eds Orione otimizar os resultados da interna\u00e7\u00e3o. M\u00e9dicos, homeopatas, acupunturistas, psic\u00f3logos, terapeutas ocupacionais e outros propiciam uma &hellip; <br \/><a href=\"https:\/\/obraterapeuticadomorione.com.br\/index.php\/voluntariado\/\" class=\"more-link\">Continue reading <span class=\"screen-reader-text\">Voluntariado<\/span><\/a><\/p>\n","protected":false},"author":1,"featured_media":0,"parent":0,"menu_order":0,"comment_status":"closed","ping_status":"closed","template":"","meta":{"give_campaign_id":0,"footnotes":""},"class_list":["post-1216","page","type-page","status-publish","hentry"],"campaignId":"","_links":{"self":[{"href":"https:\/\/obraterapeuticadomorione.com.br\/index.php\/wp-json\/wp\/v2\/pages\/1216","targetHints":{"allow":["GET"]}}],"collection":[{"href":"https:\/\/obraterapeuticadomorione.com.br\/index.php\/wp-json\/wp\/v2\/pages"}],"about":[{"href":"https:\/\/obraterapeuticadomorione.com.br\/index.php\/wp-json\/wp\/v2\/types\/page"}],"author":[{"embeddable":true,"href":"https:\/\/obraterapeuticadomorione.com.br\/index.php\/wp-json\/wp\/v2\/users\/1"}],"replies":[{"embeddable":true,"href":"https:\/\/obraterapeuticadomorione.com.br\/index.php\/wp-json\/wp\/v2\/comments?post=1216"}],"version-history":[{"count":12,"href":"https:\/\/obraterapeuticadomorione.com.br\/index.php\/wp-json\/wp\/v2\/pages\/1216\/revisions"}],"predecessor-version":[{"id":1551,"href":"https:\/\/obraterapeuticadomorione.com.br\/index.php\/wp-json\/wp\/v2\/pages\/1216\/revisions\/1551"}],"wp:attachment":[{"href":"https:\/\/obraterapeuticadomorione.com.br\/index.php\/wp-json\/wp\/v2\/media?parent=1216"}],"curies":[{"name":"wp","href":"https:\/\/api.w.org\/{rel}","templated":true}]}}