{"id":1227,"date":"2020-08-03T23:23:26","date_gmt":"2020-08-04T02:23:26","guid":{"rendered":"https:\/\/obraterapeuticaorione.com.br\/?page_id=1227"},"modified":"2020-08-03T23:36:55","modified_gmt":"2020-08-04T02:36:55","slug":"formulario","status":"publish","type":"page","link":"https:\/\/obraterapeuticadomorione.com.br\/index.php\/formulario\/","title":{"rendered":"formul\u00e1rio"},"content":{"rendered":"<p>[vc_row][vc_column width=&#8221;1\/2&#8243;][apus_title_heading style=&#8221;default_dark&#8221;]Preencha o Formul\u00e1rio para se tornar um voluntariado.[\/apus_title_heading][vc_single_image image=&#8221;651&#8243; img_size=&#8221;large&#8221;][\/vc_column][vc_column width=&#8221;1\/2&#8243;]\n<div class=\"wpcf7 no-js\" id=\"wpcf7-f1228-o1\" lang=\"pt-BR\" dir=\"ltr\" data-wpcf7-id=\"1228\">\n<div class=\"screen-reader-response\"><p role=\"status\" aria-live=\"polite\" aria-atomic=\"true\"><\/p> <ul><\/ul><\/div>\n<form action=\"\/index.php\/wp-json\/wp\/v2\/pages\/1227#wpcf7-f1228-o1\" method=\"post\" class=\"wpcf7-form init\" aria-label=\"Formul\u00e1rios de contato\" novalidate=\"novalidate\" data-status=\"init\">\n<fieldset class=\"hidden-fields-container\"><input type=\"hidden\" name=\"_wpcf7\" value=\"1228\" \/><input type=\"hidden\" name=\"_wpcf7_version\" value=\"6.1.4\" \/><input type=\"hidden\" name=\"_wpcf7_locale\" value=\"pt_BR\" \/><input type=\"hidden\" name=\"_wpcf7_unit_tag\" value=\"wpcf7-f1228-o1\" \/><input type=\"hidden\" name=\"_wpcf7_container_post\" value=\"0\" \/><input type=\"hidden\" name=\"_wpcf7_posted_data_hash\" value=\"\" \/>\n<\/fieldset>\n<p><label> Seu nome (obrigat\u00f3rio)<br \/>\n<span class=\"wpcf7-form-control-wrap\" data-name=\"your-name\"><input size=\"40\" maxlength=\"400\" class=\"wpcf7-form-control wpcf7-text wpcf7-validates-as-required\" aria-required=\"true\" aria-invalid=\"false\" value=\"\" type=\"text\" name=\"your-name\" \/><\/span> <\/label>\n<\/p>\n<p><label> Seu e-mail (obrigat\u00f3rio)<br \/>\n<span class=\"wpcf7-form-control-wrap\" data-name=\"your-email\"><input size=\"40\" maxlength=\"400\" class=\"wpcf7-form-control wpcf7-email wpcf7-validates-as-required wpcf7-text wpcf7-validates-as-email\" aria-required=\"true\" aria-invalid=\"false\" value=\"\" type=\"email\" name=\"your-email\" \/><\/span> <\/label>\n<\/p>\n<p><label> Profiss\u00e3o (obrigat\u00f3rio)<br \/>\n<span class=\"wpcf7-form-control-wrap\" data-name=\"Profissao\"><input size=\"40\" maxlength=\"400\" class=\"wpcf7-form-control wpcf7-text wpcf7-validates-as-required\" aria-required=\"true\" aria-invalid=\"false\" value=\"\" type=\"text\" name=\"Profissao\" \/><\/span><\/label>\n<\/p>\n<p><label> Endere\u00e7o Residencial (obrigat\u00f3rio)<br \/>\n<span class=\"wpcf7-form-control-wrap\" data-name=\"endereco\"><input size=\"40\" maxlength=\"400\" class=\"wpcf7-form-control wpcf7-text wpcf7-validates-as-required\" aria-required=\"true\" aria-invalid=\"false\" value=\"\" type=\"text\" name=\"endereco\" \/><\/span><\/label>\n<\/p>\n<p><label> Cidade\/Estado (obrigat\u00f3rio)<br \/>\n<span class=\"wpcf7-form-control-wrap\" data-name=\"cidade\"><input size=\"40\" maxlength=\"400\" class=\"wpcf7-form-control wpcf7-text wpcf7-validates-as-required\" aria-required=\"true\" aria-invalid=\"false\" value=\"\" type=\"text\" name=\"cidade\" \/><\/span><\/label>\n<\/p>\n<p><label> (DDD)+ Telefone Residencial\/Celular*<br \/>\n<span class=\"wpcf7-form-control-wrap\" data-name=\"telefone\"><input size=\"40\" maxlength=\"400\" class=\"wpcf7-form-control wpcf7-tel wpcf7-text wpcf7-validates-as-tel\" aria-invalid=\"false\" value=\"\" type=\"tel\" name=\"telefone\" \/><\/span><\/label>\n<\/p>\n<p><label> J\u00e1 atuou como volunt\u00e1rio em outra institui\u00e7\u00e3o?*<br \/>\n<span class=\"wpcf7-form-control-wrap\" data-name=\"atuacao\"><select class=\"wpcf7-form-control wpcf7-select\" aria-invalid=\"false\" name=\"atuacao\"><option value=\"Sim\">Sim<\/option><option value=\"N\u00e3o\">N\u00e3o<\/option><\/select><\/span><\/label>\n<\/p>\n<p><label> Prefer\u00eancia de hor\u00e1rio*<br \/>\n<span class=\"wpcf7-form-control-wrap\" data-name=\"radio-369\"><span class=\"wpcf7-form-control wpcf7-radio\"><span class=\"wpcf7-list-item first\"><input type=\"radio\" name=\"radio-369\" value=\"Manh\u00e3\" checked=\"checked\" \/><span class=\"wpcf7-list-item-label\">Manh\u00e3<\/span><\/span><span class=\"wpcf7-list-item\"><input type=\"radio\" name=\"radio-369\" value=\"Tarde\" \/><span class=\"wpcf7-list-item-label\">Tarde<\/span><\/span><span class=\"wpcf7-list-item last\"><input type=\"radio\" name=\"radio-369\" value=\"Indiferente\" \/><span class=\"wpcf7-list-item-label\">Indiferente<\/span><\/span><\/span><\/span><\/label>\n<\/p>\n<p><label> Prefer\u00eancia de dias e regularidade:*<br \/>\n<span class=\"wpcf7-form-control-wrap\" data-name=\"preferencia\"><select class=\"wpcf7-form-control wpcf7-select\" aria-invalid=\"false\" name=\"preferencia\"><option value=\"Durante a semana\">Durante a semana<\/option><option value=\"Finais de semana\">Finais de semana<\/option><option value=\"Di\u00e1rio\">Di\u00e1rio<\/option><option value=\"Semanal\">Semanal<\/option><option value=\"Mensal\">Mensal<\/option><option value=\"Semestral\">Semestral<\/option><\/select><\/span><\/label>\n<\/p>\n<p><label> Sua mensagem<br \/>\n<span class=\"wpcf7-form-control-wrap\" data-name=\"your-message\"><textarea cols=\"40\" rows=\"10\" maxlength=\"2000\" class=\"wpcf7-form-control wpcf7-textarea\" aria-invalid=\"false\" name=\"your-message\"><\/textarea><\/span> <\/label>\n<\/p>\n<p><input class=\"wpcf7-form-control wpcf7-submit has-spinner\" type=\"submit\" value=\"Enviar Formul\u00e1rio\" \/>\n<\/p><p style=\"display: none !important;\" class=\"akismet-fields-container\" data-prefix=\"_wpcf7_ak_\"><label>&#916;<textarea name=\"_wpcf7_ak_hp_textarea\" cols=\"45\" rows=\"8\" maxlength=\"100\"><\/textarea><\/label><input type=\"hidden\" id=\"ak_js_1\" name=\"_wpcf7_ak_js\" value=\"45\"\/><script>document.getElementById( \"ak_js_1\" ).setAttribute( \"value\", ( new Date() ).getTime() );<\/script><\/p><div class=\"wpcf7-response-output\" aria-hidden=\"true\"><\/div>\n<\/form>\n<\/div>\n[\/vc_column][\/vc_row]<\/p>\n","protected":false},"excerpt":{"rendered":"<p>[vc_row][vc_column width=&#8221;1\/2&#8243;][apus_title_heading style=&#8221;default_dark&#8221;]Preencha o Formul\u00e1rio para se tornar um voluntariado.[\/apus_title_heading][vc_single_image image=&#8221;651&#8243; img_size=&#8221;large&#8221;][\/vc_column][vc_column width=&#8221;1\/2&#8243;][\/vc_column][\/vc_row]<\/p>\n","protected":false},"author":1,"featured_media":0,"parent":0,"menu_order":0,"comment_status":"closed","ping_status":"closed","template":"","meta":{"give_campaign_id":0,"footnotes":""},"class_list":["post-1227","page","type-page","status-publish","hentry"],"campaignId":"","_links":{"self":[{"href":"https:\/\/obraterapeuticadomorione.com.br\/index.php\/wp-json\/wp\/v2\/pages\/1227","targetHints":{"allow":["GET"]}}],"collection":[{"href":"https:\/\/obraterapeuticadomorione.com.br\/index.php\/wp-json\/wp\/v2\/pages"}],"about":[{"href":"https:\/\/obraterapeuticadomorione.com.br\/index.php\/wp-json\/wp\/v2\/types\/page"}],"author":[{"embeddable":true,"href":"https:\/\/obraterapeuticadomorione.com.br\/index.php\/wp-json\/wp\/v2\/users\/1"}],"replies":[{"embeddable":true,"href":"https:\/\/obraterapeuticadomorione.com.br\/index.php\/wp-json\/wp\/v2\/comments?post=1227"}],"version-history":[{"count":5,"href":"https:\/\/obraterapeuticadomorione.com.br\/index.php\/wp-json\/wp\/v2\/pages\/1227\/revisions"}],"predecessor-version":[{"id":1233,"href":"https:\/\/obraterapeuticadomorione.com.br\/index.php\/wp-json\/wp\/v2\/pages\/1227\/revisions\/1233"}],"wp:attachment":[{"href":"https:\/\/obraterapeuticadomorione.com.br\/index.php\/wp-json\/wp\/v2\/media?parent=1227"}],"curies":[{"name":"wp","href":"https:\/\/api.w.org\/{rel}","templated":true}]}}