{"id":1235,"date":"2020-08-03T23:55:39","date_gmt":"2020-08-04T02:55:39","guid":{"rendered":"https:\/\/obraterapeuticaorione.com.br\/?page_id=1235"},"modified":"2023-06-06T15:26:55","modified_gmt":"2023-06-06T18:26:55","slug":"internacao","status":"publish","type":"page","link":"https:\/\/obraterapeuticadomorione.com.br\/index.php\/internacao\/","title":{"rendered":"Interna\u00e7\u00e3o"},"content":{"rendered":"<p>[vc_row][vc_column][vc_column_text]<\/p>\n<p class=\"font_8\">A perman\u00eancia do residente na Comunidade Terap\u00eautica S\u00e3o Lu\u00eds Orione \u00e9 de 9 meses e baseia-se em uma rotina de atividades pedagogicamente integradas.<\/p>\n<p class=\"font_8\">O primeiro passo para ser admitido na Comunidade Terap\u00eautica S\u00e3o Lu\u00eds Orione deve ser dado pelo pr\u00f3prio dependente qu\u00edmico interessado na sua recupera\u00e7\u00e3o. Ele dever\u00e1 telefonar e escrever uma carta de pr\u00f3prio punho endere\u00e7ada para o e-mail da\u00a0institui\u00e7\u00e3o (<object width=\"300\" height=\"0\" data-mce-fragment=\"1\"><a class=\"auto-generated-link\" data-auto-recognition=\"true\" data-content=\"ctsaoluisorione@gmail.com\" href=\"mailto:ctsaoluisorione@gmail.com\" data-type=\"mail\">ctsaoluisorione@gmail.com<\/a><\/object>), manifestando o seu desejo e os motivos pelos quais pretende se internar.\u00a0A carta dever\u00e1 ser escrita de pr\u00f3prio punho, assinada,\u00a0escaneada e enviada para o e-mail mencionado.<\/p>\n<p class=\"font_8\">O interessado dever\u00e1 aguardar a resposta da Comunidade Terap\u00eautica que ser\u00e1 feita por carta e telefone. Para tanto \u00e9 importante oferecer um e-mail e um telefone para essa finalidade.<\/p>\n<p class=\"font_8\">Ap\u00f3s o recebimento da carta do interessado, um funcion\u00e1rio da Comunidade Terap\u00eautica entrar\u00e1 em contato com o interessado e sua fam\u00edlia para agendarem uma entrevista.\u00a0A entrevista inicial, que \u00e9 denominada Acolhimento\/Triagem \u00e9 feita pela equipe de coordena\u00e7\u00e3o. A aceita\u00e7\u00e3o do jovem para interna\u00e7\u00e3o se condicionar\u00e1, principalmente, pela sua disposi\u00e7\u00e3o e vontade em se recuperar.\u00a0Na entrevista, o candidato receber\u00e1 uma explica\u00e7\u00e3o dos procedimentos e das regras a serem seguidas na comunidade terap\u00eautica.<\/p>\n<p class=\"font_8\"><strong>* O Regimento Interno da CTSLO precisa ser lido antes da triagem.\u00a0<\/strong><\/p>\n<p class=\"font_8\">As visitas de pais e parentes s\u00e3o permitidas a partir do primeiro m\u00eas de interna\u00e7\u00e3o. Durante este per\u00edodo poder\u00e3o se comunicar com seus familiares por meio de cartas.<\/p>\n<p>[\/vc_column_text][\/vc_column][\/vc_row][vc_row][vc_column][vc_hoverbox image=&#8221;1237&#8243; primary_title=&#8221;Pr\u00e9 requisitos para interna\u00e7\u00e3o:&#8221; hover_title=&#8221;&#8221;]<\/p>\n<p class=\"font_8\"><strong>1- Ter idade acima de 18 anos.<\/strong><\/p>\n<p class=\"font_8\"><strong>2- Ser do sexo masculino.<\/strong><\/p>\n<p class=\"font_8\"><strong>3- Ades\u00e3o volunt\u00e1ria do candidato.<\/strong><\/p>\n<p class=\"font_8\"><strong>4- Ser adicto, ou seja dependente qu\u00edmico ou alcoolista.<\/strong><\/p>\n<p>[\/vc_hoverbox][vc_empty_space][vc_column_text]Para a entrevista, \u00e9 indispens\u00e1vel que o interessado na interna\u00e7\u00e3o apresente os seguintes documentos, exames e laudos, que poder\u00e3o ser realizados em Postos de Sa\u00fade ou Servi\u00e7os P\u00fablicos e dever\u00e3o ter sido emitidos em no m\u00e1ximo 90 dias.[\/vc_column_text][apus_title_heading style=&#8221;default_dark&#8221;]<\/p>\n<h3 class=\"font_3\"><span class=\"color_15\">DOCUMENTOS NECESS\u00c1RIOS PARA A INTERNA\u00c7\u00c3O:<\/span><\/h3>\n<p>[\/apus_title_heading][vc_column_text]<\/p>\n<p class=\"font_8\"><span style=\"color: #000000;\"><strong>1- XEROX DE UM DOCUMENTO DE IDENTIDADE (RG, RESERVISTA , ETC.) OU CERTID\u00c3O DE NASCIMENTO SE N\u00c3O TIVER NENHUM OUTRO DOCUMENTO.<\/strong><\/span><\/p>\n<p class=\"font_8\"><span style=\"color: #000000;\"><strong>2 &#8211; SE TIVER CONV\u00caNIO M\u00c9DICO, TRAZER A CARTEIRINHA .<\/strong><\/span><\/p>\n<p class=\"font_8\"><span style=\"color: #000000;\"><strong>3 &#8211; DUAS FOTO 3 X 4 RECENTE .<\/strong><\/span><\/p>\n<p class=\"font_8\"><span style=\"color: #000000;\"><strong>4 &#8211; CART\u00c3O DE VACINA<\/strong><\/span><\/p>\n<p>[\/vc_column_text][\/vc_column][\/vc_row][vc_row][vc_column][vc_tta_accordion][vc_tta_section title=&#8221;Laudos&#8221; tab_id=&#8221;1596509927551-2d54f000-8eb1&#8243;][vc_column_text]<\/p>\n<div id=\"i2n6adqn\" class=\"ca1\" title=\"\" data-is-responsive=\"false\" data-display-mode=\"fill\" data-content-padding-horizontal=\"0\" data-content-padding-vertical=\"0\" data-exact-height=\"12\">\n<div id=\"i2n6adqnlink\" class=\"ca1link\"><img decoding=\"async\" id=\"i2n6adqnimgimage\" src=\"https:\/\/static.wixstatic.com\/media\/a9e1fe_2f9385f8935f467eb2d5d126e10a9384.gif\" alt=\"\" data-type=\"image\" \/> LAUDO M\u00c9DICO ATESTANDO QUE SE EST\u00c1 AS CONDI\u00c7\u00d5ES F\u00cdSICAS E PERMITINDO O INGRESSO NA COMUNIDADE TERAP\u00caUTICA FORNECIDO POR UM CL\u00cdNICO GERAL.<\/div>\n<\/div>\n<p>[\/vc_column_text][\/vc_tta_section][vc_tta_section title=&#8221;MATERIAL QUE DEVE SER LEVADO PARA A INTERNA\u00c7\u00c3O:&#8221; tab_id=&#8221;1596510047499-c23e0c6d-7c3b&#8221;][vc_column_text]<\/p>\n<div id=\"comp-ii7e0jjt\" class=\"ca1\" title=\"\" data-is-responsive=\"false\" data-display-mode=\"fill\" data-content-padding-horizontal=\"0\" data-content-padding-vertical=\"0\" data-exact-height=\"12\">\n<div id=\"comp-ii7e0jjtlink\" class=\"ca1link\"><img decoding=\"async\" id=\"comp-ii7e0jjtimgimage\" src=\"https:\/\/static.wixstatic.com\/media\/a9e1fe_2f9385f8935f467eb2d5d126e10a9384.gif\" alt=\"\" data-type=\"image\" \/> 2 JOGOS DE ROUPA DE CAMA;<\/div>\n<\/div>\n<div id=\"comp-ii7e0jjw\" class=\"ca1\" title=\"\" data-is-responsive=\"false\" data-display-mode=\"fill\" data-content-padding-horizontal=\"0\" data-content-padding-vertical=\"0\" data-exact-height=\"12\">\n<div id=\"comp-ii7e0jjwlink\" class=\"ca1link\"><img decoding=\"async\" id=\"comp-ii7e0jjwimgimage\" src=\"https:\/\/static.wixstatic.com\/media\/a9e1fe_2f9385f8935f467eb2d5d126e10a9384.gif\" alt=\"\" data-type=\"image\" \/> 2 TOALHAS DE BANHO;<\/div>\n<\/div>\n<div id=\"comp-ii7e0jjx1\" class=\"ca1\" title=\"\" data-is-responsive=\"false\" data-display-mode=\"fill\" data-content-padding-horizontal=\"0\" data-content-padding-vertical=\"0\" data-exact-height=\"12\">\n<div id=\"comp-ii7e0jjx1link\" class=\"ca1link\"><img decoding=\"async\" id=\"comp-ii7e0jjx1imgimage\" src=\"https:\/\/static.wixstatic.com\/media\/a9e1fe_2f9385f8935f467eb2d5d126e10a9384.gif\" alt=\"\" data-type=\"image\" \/> 2 TOALHAS DE ROSTO;<\/div>\n<\/div>\n<div id=\"comp-ii7e0jjz\" class=\"ca1\" title=\"\" data-is-responsive=\"false\" data-display-mode=\"fill\" data-content-padding-horizontal=\"0\" data-content-padding-vertical=\"0\" data-exact-height=\"12\">\n<div id=\"comp-ii7e0jjzlink\" class=\"ca1link\"><img decoding=\"async\" id=\"comp-ii7e0jjzimgimage\" src=\"https:\/\/static.wixstatic.com\/media\/a9e1fe_2f9385f8935f467eb2d5d126e10a9384.gif\" alt=\"\" data-type=\"image\" \/> COBERTOR;<\/div>\n<\/div>\n<div id=\"comp-ii7e0jk2\" class=\"ca1\" title=\"\" data-is-responsive=\"false\" data-display-mode=\"fill\" data-content-padding-horizontal=\"0\" data-content-padding-vertical=\"0\" data-exact-height=\"12\">\n<div id=\"comp-ii7e0jk2link\" class=\"ca1link\"><img decoding=\"async\" id=\"comp-ii7e0jk2imgimage\" src=\"https:\/\/static.wixstatic.com\/media\/a9e1fe_2f9385f8935f467eb2d5d126e10a9384.gif\" alt=\"\" data-type=\"image\" \/> MATERIAL DE HIGIENE PESSOAL PARA USO DE 3 MESES\u00a0 \u00a0 \u00a0 \u00a0 \u00a0 \u00a0 \u00a0 \u00a0 \u00a0(BARBEADOR, PENTE, ESCOVA DE DENTE, PASTA DENTAL, SABONETE,\u00a0 \u00a0 \u00a0SHAMPPO, DESODORANTE: SPRAY OU ROLL ON.);<\/div>\n<\/div>\n<div id=\"comp-ii7e0jk31\" class=\"ca1\" title=\"\" data-is-responsive=\"false\" data-display-mode=\"fill\" data-content-padding-horizontal=\"0\" data-content-padding-vertical=\"0\" data-exact-height=\"12\">\n<div id=\"comp-ii7e0jk31link\" class=\"ca1link\"><img decoding=\"async\" id=\"comp-ii7e0jk31imgimage\" src=\"https:\/\/static.wixstatic.com\/media\/a9e1fe_2f9385f8935f467eb2d5d126e10a9384.gif\" alt=\"\" data-type=\"image\" \/> ROUPAS DE USO PESSOAL;<\/div>\n<\/div>\n<div id=\"comp-ii7e0jk6\" class=\"ca1\" title=\"\" data-is-responsive=\"false\" data-display-mode=\"fill\" data-content-padding-horizontal=\"0\" data-content-padding-vertical=\"0\" data-exact-height=\"12\">\n<div id=\"comp-ii7e0jk6link\" class=\"ca1link\"><img decoding=\"async\" id=\"comp-ii7e0jk6imgimage\" src=\"https:\/\/static.wixstatic.com\/media\/a9e1fe_2f9385f8935f467eb2d5d126e10a9384.gif\" alt=\"\" data-type=\"image\" \/> CAL\u00c7ADOS;<\/div>\n<\/div>\n<div id=\"comp-ii7e0jk8\" class=\"ca1\" title=\"\" data-is-responsive=\"false\" data-display-mode=\"fill\" data-content-padding-horizontal=\"0\" data-content-padding-vertical=\"0\" data-exact-height=\"12\">\n<div id=\"comp-ii7e0jk8link\" class=\"ca1link\"><img decoding=\"async\" id=\"comp-ii7e0jk8imgimage\" src=\"https:\/\/static.wixstatic.com\/media\/a9e1fe_2f9385f8935f467eb2d5d126e10a9384.gif\" alt=\"\" data-type=\"image\" \/> BOTA DE BORRACHA PARA TRABALHAR NA HORTA;<\/div>\n<\/div>\n<div id=\"comp-ii7e0jjp\" class=\"txtNew\" data-packed=\"true\" data-vertical-text=\"false\">\n<p class=\"font_8\">\n<\/div>\n<p>[\/vc_column_text][\/vc_tta_section][vc_tta_section title=&#8221;N\u00c3O PODE LEVAR PARA A COMUNIDADE:&#8221; tab_id=&#8221;1596510199611-9b7b3a1a-8798&#8243;][vc_column_text]<\/p>\n<div id=\"i2bq8fwj\" class=\"ca1\" title=\"\" data-is-responsive=\"false\" data-display-mode=\"fill\" data-content-padding-horizontal=\"0\" data-content-padding-vertical=\"0\" data-exact-height=\"12\">\n<div id=\"i2bq8fwjlink\" class=\"ca1link\"><img decoding=\"async\" id=\"i2bq8fwjimgimage\" src=\"https:\/\/static.wixstatic.com\/media\/a9e1fe_2f9385f8935f467eb2d5d126e10a9384.gif\" alt=\"\" data-type=\"image\" \/> CORRENTES;<\/div>\n<\/div>\n<div id=\"i2bq8bab\" class=\"ca1\" title=\"\" data-is-responsive=\"false\" data-display-mode=\"fill\" data-content-padding-horizontal=\"0\" data-content-padding-vertical=\"0\" data-exact-height=\"12\">\n<div id=\"i2bq8bablink\" class=\"ca1link\"><img decoding=\"async\" id=\"i2bq8babimgimage\" src=\"https:\/\/static.wixstatic.com\/media\/a9e1fe_2f9385f8935f467eb2d5d126e10a9384.gif\" alt=\"\" data-type=\"image\" \/> AN\u00c9IS;<\/div>\n<\/div>\n<div id=\"i2bq8gci\" class=\"ca1\" title=\"\" data-is-responsive=\"false\" data-display-mode=\"fill\" data-content-padding-horizontal=\"0\" data-content-padding-vertical=\"0\" data-exact-height=\"12\">\n<div id=\"i2bq8gcilink\" class=\"ca1link\"><img decoding=\"async\" id=\"i2bq8gciimgimage\" src=\"https:\/\/static.wixstatic.com\/media\/a9e1fe_2f9385f8935f467eb2d5d126e10a9384.gif\" alt=\"\" data-type=\"image\" \/> \u00d3CULOS DE SOL;<\/div>\n<\/div>\n<div id=\"i2bq8f1t\" class=\"ca1\" title=\"\" data-is-responsive=\"false\" data-display-mode=\"fill\" data-content-padding-horizontal=\"0\" data-content-padding-vertical=\"0\" data-exact-height=\"12\">\n<div id=\"i2bq8f1tlink\" class=\"ca1link\"><img decoding=\"async\" id=\"i2bq8f1timgimage\" src=\"https:\/\/static.wixstatic.com\/media\/a9e1fe_2f9385f8935f467eb2d5d126e10a9384.gif\" alt=\"\" data-type=\"image\" \/> APARELHOS DE SOM;<\/div>\n<\/div>\n<div id=\"i2bq8mwy\" class=\"ca1\" title=\"\" data-is-responsive=\"false\" data-display-mode=\"fill\" data-content-padding-horizontal=\"0\" data-content-padding-vertical=\"0\" data-exact-height=\"12\">\n<div id=\"i2bq8mwylink\" class=\"ca1link\"><img decoding=\"async\" id=\"i2bq8mwyimgimage\" src=\"https:\/\/static.wixstatic.com\/media\/a9e1fe_2f9385f8935f467eb2d5d126e10a9384.gif\" alt=\"\" data-type=\"image\" \/> BENS DE VALOR;<\/div>\n<\/div>\n<div id=\"i2bq8kv1\" class=\"ca1\" title=\"\" data-is-responsive=\"false\" data-display-mode=\"fill\" data-content-padding-horizontal=\"0\" data-content-padding-vertical=\"0\" data-exact-height=\"12\">\n<div id=\"i2bq8kv1link\" class=\"ca1link\"><img decoding=\"async\" id=\"i2bq8kv1imgimage\" src=\"https:\/\/static.wixstatic.com\/media\/a9e1fe_2f9385f8935f467eb2d5d126e10a9384.gif\" alt=\"\" data-type=\"image\" \/> CELULARES;<\/div>\n<\/div>\n<div id=\"i6jdh63h\" class=\"ca1\" title=\"\" data-is-responsive=\"false\" data-display-mode=\"fill\" data-content-padding-horizontal=\"0\" data-content-padding-vertical=\"0\" data-exact-height=\"12\">\n<div id=\"i6jdh63hlink\" class=\"ca1link\"><img decoding=\"async\" id=\"i6jdh63himgimage\" src=\"https:\/\/static.wixstatic.com\/media\/a9e1fe_2f9385f8935f467eb2d5d126e10a9384.gif\" alt=\"\" data-type=\"image\" \/> LIVROS JORNAIS, REVISTAS, FOTOS SENSUAIS;<\/div>\n<\/div>\n<div id=\"i6jdhcgi\" class=\"ca1\" title=\"\" data-is-responsive=\"false\" data-display-mode=\"fill\" data-content-padding-horizontal=\"0\" data-content-padding-vertical=\"0\" data-exact-height=\"12\">\n<div id=\"i6jdhcgilink\" class=\"ca1link\"><img decoding=\"async\" id=\"i6jdhcgiimgimage\" src=\"https:\/\/static.wixstatic.com\/media\/a9e1fe_2f9385f8935f467eb2d5d126e10a9384.gif\" alt=\"\" data-type=\"image\" \/> BON\u00c9S OU ROUPAS COM PROPAGANDA DE BEBIDAS, CIGARROS, BANDAS;<\/div>\n<\/div>\n<p>[\/vc_column_text][\/vc_tta_section][vc_tta_section title=&#8221;EXAMES M\u00c9DICOS:&#8221; tab_id=&#8221;1596509927490-e5a04208-3d9e&#8221;][vc_column_text]<\/p>\n<div id=\"i2n539pm\" class=\"ca1\" title=\"\" data-is-responsive=\"false\" data-display-mode=\"fill\" data-content-padding-horizontal=\"0\" data-content-padding-vertical=\"0\" data-exact-height=\"12\">\n<div id=\"i2n539pmlink\" class=\"ca1link\"><img decoding=\"async\" id=\"i2n539pmimgimage\" src=\"https:\/\/static.wixstatic.com\/media\/a9e1fe_2f9385f8935f467eb2d5d126e10a9384.gif\" alt=\"\" data-type=\"image\" \/> <strong>HEMOGRAMA COMPLETO;<\/strong><\/div>\n<\/div>\n<div id=\"i2n539pn\" class=\"ca1\" title=\"\" data-is-responsive=\"false\" data-display-mode=\"fill\" data-content-padding-horizontal=\"0\" data-content-padding-vertical=\"0\" data-exact-height=\"12\">\n<div id=\"i2n539pnlink\" class=\"ca1link\"><img decoding=\"async\" id=\"i2n539pnimgimage\" src=\"https:\/\/static.wixstatic.com\/media\/a9e1fe_2f9385f8935f467eb2d5d126e10a9384.gif\" alt=\"\" data-type=\"image\" \/> <strong>URINA TIPO I;<\/strong><\/div>\n<\/div>\n<div id=\"i2n539po\" class=\"ca1\" title=\"\" data-is-responsive=\"false\" data-display-mode=\"fill\" data-content-padding-horizontal=\"0\" data-content-padding-vertical=\"0\" data-exact-height=\"12\">\n<div id=\"i2n539polink\" class=\"ca1link\"><img decoding=\"async\" id=\"i2n539poimgimage\" src=\"https:\/\/static.wixstatic.com\/media\/a9e1fe_2f9385f8935f467eb2d5d126e10a9384.gif\" alt=\"\" data-type=\"image\" \/> <strong>FEZES;<\/strong><\/div>\n<\/div>\n<div id=\"i2n539pk\" class=\"txtNew\" data-packed=\"true\" data-vertical-text=\"false\">\n<p class=\"font_8\"><img decoding=\"async\" id=\"i2n539poimgimage\" src=\"https:\/\/static.wixstatic.com\/media\/a9e1fe_2f9385f8935f467eb2d5d126e10a9384.gif\" alt=\"\" data-type=\"image\" \/> <strong>COVID;<\/strong><\/p>\n<\/div>\n<div id=\"gtx-trans\" style=\"position: absolute; left: 81px; top: 115.545px;\">\n<div class=\"gtx-trans-icon\"><\/div>\n<\/div>\n<p>[\/vc_column_text][\/vc_tta_section][\/vc_tta_accordion][apus_title_heading style=&#8221;default_dark&#8221;]<\/p>\n<h1 class=\"font_0\">Agende pelos telefones:<\/h1>\n<p>[\/apus_title_heading][vc_column_text]<\/p>\n<h2 class=\"font_0\" style=\"text-align: center;\">Comunidade Terap\u00eautica S\u00e3o Lu\u00eds Orione<\/h2>\n<h2 class=\"font_0\" style=\"text-align: center;\">\u00a0 \u00a0 (37) 9 9837 8077<\/h2>\n<h2 class=\"font_0\" style=\"text-align: center;\"><a href=\"https:\/\/api.whatsapp.com\/send?phone=5537999298906&amp;text=37999298906\">(37) 9.9929-8906 (Whatsapp)<\/a><\/h2>\n<h2 class=\"font_0\" style=\"text-align: center;\"><\/h2>\n<p>[\/vc_column_text][vc_column_text]<\/p>\n<p class=\"font_0\" style=\"text-align: center;\"><a href=\"https:\/\/obraterapeuticadomorione.com.br\/wp-content\/uploads\/2023\/06\/1.PASSO-A-PASSO-PARA-A-INTERNACAO.pdf\" target=\"_blank\" rel=\"noopener noreferrer\" data-type=\"document\">Passo a Passo para interna\u00e7\u00e3o &#8211;\u00a0<strong><span class=\"color_11\"><span class=\"backcolor_24\">BAIXAR<\/span><\/span><\/strong><\/a><\/p>\n<p class=\"font_0\" style=\"text-align: center;\"><a href=\"https:\/\/obraterapeuticadomorione.com.br\/wp-content\/uploads\/2023\/06\/Regimento-Interno-CTSLO.pdf\" target=\"_blank\" rel=\"noopener noreferrer\" data-type=\"document\">Regimento interno CTSLO &#8211;\u00a0<strong><span class=\"color_11\"><span class=\"backcolor_24\">BAIXAR<\/span><\/span><\/strong><\/a><\/p>\n<p class=\"font_0\" style=\"text-align: center;\"><a href=\"https:\/\/obraterapeuticadomorione.com.br\/wp-content\/uploads\/2023\/06\/2.-DOCUMENTOS-NECESSARIOS.pdf\" target=\"_blank\" rel=\"noopener noreferrer\" data-type=\"document\">Documentos necess\u00e1rios &#8211;\u00a0<strong><span class=\"color_11\"><span class=\"backcolor_24\">BAIXAR<\/span><\/span><\/strong><\/a><\/p>\n<p class=\"font_0\" style=\"text-align: center;\"><a href=\"https:\/\/obraterapeuticadomorione.com.br\/wp-content\/uploads\/2023\/06\/3.-EXAMES-NECESSARIOS.pdf\" target=\"_blank\" rel=\"noopener noreferrer\" data-type=\"document\">Exames m\u00e9dicos necess\u00e1rios &#8211;\u00a0<strong><span class=\"color_11\"><span class=\"backcolor_24\">BAIXAR<\/span><\/span><\/strong><\/a><\/p>\n<p class=\"font_0\" style=\"text-align: center;\"><a href=\"https:\/\/obraterapeuticadomorione.com.br\/wp-content\/uploads\/2023\/06\/4.-LAUDOS-NECESSARIOS.pdf\" target=\"_blank\" rel=\"noopener noreferrer\" data-type=\"document\"><span class=\"color_15\">Laudos necess\u00e1rios &#8211;\u00a0<\/span><span class=\"color_11\"><span class=\"backcolor_24\"><strong>BAIXAR<\/strong><\/span><\/span><\/a><\/p>\n<p class=\"font_0\" style=\"text-align: center;\"><a href=\"https:\/\/obraterapeuticadomorione.com.br\/wp-content\/uploads\/2023\/06\/5.-NAO-PODE-LEVAR.pdf\" target=\"_blank\" rel=\"noopener noreferrer\" data-type=\"document\"><span class=\"color_15\">N\u00e3o pode levar para a Comunidade &#8211;\u00a0<\/span><strong><span class=\"color_11\"><span class=\"backcolor_24\">BAIXAR<\/span><\/span><\/strong><\/a><\/p>\n<div id=\"gtx-trans\" style=\"position: absolute; left: 154px; top: 50.0909px;\">\n<div class=\"gtx-trans-icon\"><\/div>\n<\/div>\n<p>[\/vc_column_text][vc_empty_space][vc_empty_space][\/vc_column][\/vc_row][vc_row][vc_column][apus_title_heading style=&#8221;default_dark&#8221;]<\/p>\n<h3 class=\"font_3\"><span class=\"color_15\">Passos para interna\u00e7\u00e3o<\/span><\/h3>\n<p>[\/apus_title_heading][vc_tta_tabs][vc_tta_section title=&#8221;Iniciativa&#8221; tab_id=&#8221;1596510948431-1bfa855e-8c90&#8243;][vc_column_text]A iniciativa deve ser do pr\u00f3prio dependente qu\u00edmico que telefonar\u00e1 e endere\u00e7ar\u00e1 \u00e0 CTSLO uma carta escrita de pr\u00f3prio punho, via e-mail, em que explicitar\u00e1 os motivos pelos quais pretende se submeter ao tratamento proposto pela institui\u00e7\u00e3o.[\/vc_column_text][vc_empty_space][vc_empty_space][\/vc_tta_section][vc_tta_section title=&#8221;Passo 1&#8243; tab_id=&#8221;1596510948487-9d673533-1a8f&#8221;][vc_column_text]<\/p>\n<ul>\n<li>Os que tiverem perfil adequado\u00a0ser\u00e3o submetidos a uma entrevista para avalia\u00e7\u00e3o psicol\u00f3lica e social que ser\u00e1 realizada pela equipe t\u00e9cnica.<\/li>\n<\/ul>\n<p>[\/vc_column_text][\/vc_tta_section][vc_tta_section title=&#8221;Passo 2&#8243; tab_id=&#8221;1596511054355-7bbd01ec-20aa&#8221;][vc_column_text]<\/p>\n<ul class=\"font_8\">\n<li>\n<p class=\"font_8\">Sendo considerado apto ao tratamento, o candidato e seu responsavel receber\u00e3o orienta\u00e7\u00f5es pormenorizadas sobre o Programa Terap\u00eautico e Regimento interno da institui\u00e7\u00e3o.<\/p>\n<\/li>\n<li>\n<p class=\"font_8\">As fam\u00edlias ser\u00e3o encaminhadas para participarem de grupos de m\u00fatua ajuda.<\/p>\n<\/li>\n<\/ul>\n<p>[\/vc_column_text][\/vc_tta_section][vc_tta_section title=&#8221;Passo 3&#8243; tab_id=&#8221;1596511101578-63317359-8e83&#8243;][vc_column_text]<\/p>\n<ul>\n<li>As informa\u00e7\u00f5es obtidas na entrevista\u00a0s\u00e3o fundamentais para o diagn\u00f3stico e o planejamento do tratamento, pois ir\u00e3o nortear e contribuir para a constru\u00e7\u00e3o do plano terap\u00eautico individual (PTI).<\/li>\n<\/ul>\n<p>[\/vc_column_text][\/vc_tta_section][vc_tta_section title=&#8221;Carta Resposta&#8221; tab_id=&#8221;1596511134621-513089fa-e118&#8243;][vc_column_text]<\/p>\n<ul>\n<li>O candidato dever\u00e1 aguardar carta resposta e telefonema dizendo se tem ou n\u00e3o perfil para o nosso tratamento.<\/li>\n<li>Havendo vaga dispon\u00edvel, ser\u00e1 agendada a interna\u00e7\u00e3o. Caso n\u00e3o haja vaga dispon\u00edvel, o candidato aguardar\u00e1 em lista de espera.<\/li>\n<\/ul>\n<p>[\/vc_column_text][\/vc_tta_section][vc_tta_section title=&#8221;Indeferido&#8221; tab_id=&#8221;1596511205717-4ccbe13d-1687&#8243;][vc_column_text]<\/p>\n<ul>\n<li>Caso o candidato seja considerado in\u00e1pto ao tratamento, ser\u00e1 sugerido a ele encaminhamentos para rede de servi\u00e7os adequados ao seu caso, tendo a possibilidade de nova triagem em momento posterior. A triagem tem validade de 90 dias.<\/li>\n<\/ul>\n<p>[\/vc_column_text][\/vc_tta_section][\/vc_tta_tabs][\/vc_column][\/vc_row]<\/p>\n","protected":false},"excerpt":{"rendered":"<p>[vc_row][vc_column][vc_column_text] A perman\u00eancia do residente na Comunidade Terap\u00eautica S\u00e3o Lu\u00eds Orione \u00e9 de 9 meses e baseia-se em uma rotina de atividades pedagogicamente integradas. O primeiro passo para ser admitido na Comunidade Terap\u00eautica S\u00e3o Lu\u00eds Orione deve ser dado pelo pr\u00f3prio dependente qu\u00edmico interessado na sua recupera\u00e7\u00e3o. Ele dever\u00e1 telefonar e escrever uma carta de &hellip; <br \/><a href=\"https:\/\/obraterapeuticadomorione.com.br\/index.php\/internacao\/\" class=\"more-link\">Continue reading <span class=\"screen-reader-text\">Interna\u00e7\u00e3o<\/span><\/a><\/p>\n","protected":false},"author":1,"featured_media":0,"parent":0,"menu_order":0,"comment_status":"closed","ping_status":"closed","template":"","meta":{"give_campaign_id":0,"footnotes":""},"class_list":["post-1235","page","type-page","status-publish","hentry"],"campaignId":"","_links":{"self":[{"href":"https:\/\/obraterapeuticadomorione.com.br\/index.php\/wp-json\/wp\/v2\/pages\/1235","targetHints":{"allow":["GET"]}}],"collection":[{"href":"https:\/\/obraterapeuticadomorione.com.br\/index.php\/wp-json\/wp\/v2\/pages"}],"about":[{"href":"https:\/\/obraterapeuticadomorione.com.br\/index.php\/wp-json\/wp\/v2\/types\/page"}],"author":[{"embeddable":true,"href":"https:\/\/obraterapeuticadomorione.com.br\/index.php\/wp-json\/wp\/v2\/users\/1"}],"replies":[{"embeddable":true,"href":"https:\/\/obraterapeuticadomorione.com.br\/index.php\/wp-json\/wp\/v2\/comments?post=1235"}],"version-history":[{"count":24,"href":"https:\/\/obraterapeuticadomorione.com.br\/index.php\/wp-json\/wp\/v2\/pages\/1235\/revisions"}],"predecessor-version":[{"id":1578,"href":"https:\/\/obraterapeuticadomorione.com.br\/index.php\/wp-json\/wp\/v2\/pages\/1235\/revisions\/1578"}],"wp:attachment":[{"href":"https:\/\/obraterapeuticadomorione.com.br\/index.php\/wp-json\/wp\/v2\/media?parent=1235"}],"curies":[{"name":"wp","href":"https:\/\/api.w.org\/{rel}","templated":true}]}}