{"id":217,"date":"2017-04-18T09:29:54","date_gmt":"2017-04-18T09:29:54","guid":{"rendered":"http:\/\/demoapus-wp.com\/charityheart\/?page_id=217"},"modified":"2025-02-18T01:38:31","modified_gmt":"2025-02-18T04:38:31","slug":"home-4","status":"publish","type":"page","link":"https:\/\/obraterapeuticadomorione.com.br\/","title":{"rendered":"Home 4"},"content":{"rendered":"<p>[vc_row isfullwidth=&#8221;0&#8243;][vc_column][rev_slider_vc alias=&#8221;slider-4&#8243; el_class=&#8221;no-margin&#8221;][\/vc_column][\/vc_row][vc_row isfullwidth=&#8221;0&#8243; css=&#8221;.vc_custom_1492508717690{background-color: #ff2657 !important;}&#8221; el_class=&#8221;flow-hidden&#8221;][vc_column width=&#8221;1\/3&#8243;][apus_features_box items=&#8221;{8d5cf8a993e39e4b1d5ff86f0d083bfa6cbea455898c5e3ca8670e152a3a823c}5B{8d5cf8a993e39e4b1d5ff86f0d083bfa6cbea455898c5e3ca8670e152a3a823c}7B{8d5cf8a993e39e4b1d5ff86f0d083bfa6cbea455898c5e3ca8670e152a3a823c}22image{8d5cf8a993e39e4b1d5ff86f0d083bfa6cbea455898c5e3ca8670e152a3a823c}22{8d5cf8a993e39e4b1d5ff86f0d083bfa6cbea455898c5e3ca8670e152a3a823c}3A{8d5cf8a993e39e4b1d5ff86f0d083bfa6cbea455898c5e3ca8670e152a3a823c}22222{8d5cf8a993e39e4b1d5ff86f0d083bfa6cbea455898c5e3ca8670e152a3a823c}22{8d5cf8a993e39e4b1d5ff86f0d083bfa6cbea455898c5e3ca8670e152a3a823c}2C{8d5cf8a993e39e4b1d5ff86f0d083bfa6cbea455898c5e3ca8670e152a3a823c}22title{8d5cf8a993e39e4b1d5ff86f0d083bfa6cbea455898c5e3ca8670e152a3a823c}22{8d5cf8a993e39e4b1d5ff86f0d083bfa6cbea455898c5e3ca8670e152a3a823c}3A{8d5cf8a993e39e4b1d5ff86f0d083bfa6cbea455898c5e3ca8670e152a3a823c}22Education{8d5cf8a993e39e4b1d5ff86f0d083bfa6cbea455898c5e3ca8670e152a3a823c}22{8d5cf8a993e39e4b1d5ff86f0d083bfa6cbea455898c5e3ca8670e152a3a823c}2C{8d5cf8a993e39e4b1d5ff86f0d083bfa6cbea455898c5e3ca8670e152a3a823c}22description{8d5cf8a993e39e4b1d5ff86f0d083bfa6cbea455898c5e3ca8670e152a3a823c}22{8d5cf8a993e39e4b1d5ff86f0d083bfa6cbea455898c5e3ca8670e152a3a823c}3A{8d5cf8a993e39e4b1d5ff86f0d083bfa6cbea455898c5e3ca8670e152a3a823c}22Start{8d5cf8a993e39e4b1d5ff86f0d083bfa6cbea455898c5e3ca8670e152a3a823c}20an{8d5cf8a993e39e4b1d5ff86f0d083bfa6cbea455898c5e3ca8670e152a3a823c}20avocado{8d5cf8a993e39e4b1d5ff86f0d083bfa6cbea455898c5e3ca8670e152a3a823c}20orchard{8d5cf8a993e39e4b1d5ff86f0d083bfa6cbea455898c5e3ca8670e152a3a823c}2C{8d5cf8a993e39e4b1d5ff86f0d083bfa6cbea455898c5e3ca8670e152a3a823c}20send{8d5cf8a993e39e4b1d5ff86f0d083bfa6cbea455898c5e3ca8670e152a3a823c}20a{8d5cf8a993e39e4b1d5ff86f0d083bfa6cbea455898c5e3ca8670e152a3a823c}20child{8d5cf8a993e39e4b1d5ff86f0d083bfa6cbea455898c5e3ca8670e152a3a823c}20to{8d5cf8a993e39e4b1d5ff86f0d083bfa6cbea455898c5e3ca8670e152a3a823c}20{8d5cf8a993e39e4b1d5ff86f0d083bfa6cbea455898c5e3ca8670e152a3a823c}3Cbr{8d5cf8a993e39e4b1d5ff86f0d083bfa6cbea455898c5e3ca8670e152a3a823c}20{8d5cf8a993e39e4b1d5ff86f0d083bfa6cbea455898c5e3ca8670e152a3a823c}2F{8d5cf8a993e39e4b1d5ff86f0d083bfa6cbea455898c5e3ca8670e152a3a823c}3Eschool{8d5cf8a993e39e4b1d5ff86f0d083bfa6cbea455898c5e3ca8670e152a3a823c}20or{8d5cf8a993e39e4b1d5ff86f0d083bfa6cbea455898c5e3ca8670e152a3a823c}20invest{8d5cf8a993e39e4b1d5ff86f0d083bfa6cbea455898c5e3ca8670e152a3a823c}20in{8d5cf8a993e39e4b1d5ff86f0d083bfa6cbea455898c5e3ca8670e152a3a823c}20a{8d5cf8a993e39e4b1d5ff86f0d083bfa6cbea455898c5e3ca8670e152a3a823c}20single{8d5cf8a993e39e4b1d5ff86f0d083bfa6cbea455898c5e3ca8670e152a3a823c}22{8d5cf8a993e39e4b1d5ff86f0d083bfa6cbea455898c5e3ca8670e152a3a823c}7D{8d5cf8a993e39e4b1d5ff86f0d083bfa6cbea455898c5e3ca8670e152a3a823c}5D&#8221; style=&#8221;default default-white&#8221;][\/vc_column][vc_column width=&#8221;1\/3&#8243; el_class=&#8221;skew-light&#8221;][apus_features_box items=&#8221;{8d5cf8a993e39e4b1d5ff86f0d083bfa6cbea455898c5e3ca8670e152a3a823c}5B{8d5cf8a993e39e4b1d5ff86f0d083bfa6cbea455898c5e3ca8670e152a3a823c}7B{8d5cf8a993e39e4b1d5ff86f0d083bfa6cbea455898c5e3ca8670e152a3a823c}22image{8d5cf8a993e39e4b1d5ff86f0d083bfa6cbea455898c5e3ca8670e152a3a823c}22{8d5cf8a993e39e4b1d5ff86f0d083bfa6cbea455898c5e3ca8670e152a3a823c}3A{8d5cf8a993e39e4b1d5ff86f0d083bfa6cbea455898c5e3ca8670e152a3a823c}22224{8d5cf8a993e39e4b1d5ff86f0d083bfa6cbea455898c5e3ca8670e152a3a823c}22{8d5cf8a993e39e4b1d5ff86f0d083bfa6cbea455898c5e3ca8670e152a3a823c}2C{8d5cf8a993e39e4b1d5ff86f0d083bfa6cbea455898c5e3ca8670e152a3a823c}22title{8d5cf8a993e39e4b1d5ff86f0d083bfa6cbea455898c5e3ca8670e152a3a823c}22{8d5cf8a993e39e4b1d5ff86f0d083bfa6cbea455898c5e3ca8670e152a3a823c}3A{8d5cf8a993e39e4b1d5ff86f0d083bfa6cbea455898c5e3ca8670e152a3a823c}22Health{8d5cf8a993e39e4b1d5ff86f0d083bfa6cbea455898c5e3ca8670e152a3a823c}22{8d5cf8a993e39e4b1d5ff86f0d083bfa6cbea455898c5e3ca8670e152a3a823c}2C{8d5cf8a993e39e4b1d5ff86f0d083bfa6cbea455898c5e3ca8670e152a3a823c}22description{8d5cf8a993e39e4b1d5ff86f0d083bfa6cbea455898c5e3ca8670e152a3a823c}22{8d5cf8a993e39e4b1d5ff86f0d083bfa6cbea455898c5e3ca8670e152a3a823c}3A{8d5cf8a993e39e4b1d5ff86f0d083bfa6cbea455898c5e3ca8670e152a3a823c}22Start{8d5cf8a993e39e4b1d5ff86f0d083bfa6cbea455898c5e3ca8670e152a3a823c}20an{8d5cf8a993e39e4b1d5ff86f0d083bfa6cbea455898c5e3ca8670e152a3a823c}20avocado{8d5cf8a993e39e4b1d5ff86f0d083bfa6cbea455898c5e3ca8670e152a3a823c}20orchard{8d5cf8a993e39e4b1d5ff86f0d083bfa6cbea455898c5e3ca8670e152a3a823c}2C{8d5cf8a993e39e4b1d5ff86f0d083bfa6cbea455898c5e3ca8670e152a3a823c}20send{8d5cf8a993e39e4b1d5ff86f0d083bfa6cbea455898c5e3ca8670e152a3a823c}20a{8d5cf8a993e39e4b1d5ff86f0d083bfa6cbea455898c5e3ca8670e152a3a823c}20child{8d5cf8a993e39e4b1d5ff86f0d083bfa6cbea455898c5e3ca8670e152a3a823c}20to{8d5cf8a993e39e4b1d5ff86f0d083bfa6cbea455898c5e3ca8670e152a3a823c}20{8d5cf8a993e39e4b1d5ff86f0d083bfa6cbea455898c5e3ca8670e152a3a823c}3Cbr{8d5cf8a993e39e4b1d5ff86f0d083bfa6cbea455898c5e3ca8670e152a3a823c}20{8d5cf8a993e39e4b1d5ff86f0d083bfa6cbea455898c5e3ca8670e152a3a823c}2F{8d5cf8a993e39e4b1d5ff86f0d083bfa6cbea455898c5e3ca8670e152a3a823c}3Eschool{8d5cf8a993e39e4b1d5ff86f0d083bfa6cbea455898c5e3ca8670e152a3a823c}20or{8d5cf8a993e39e4b1d5ff86f0d083bfa6cbea455898c5e3ca8670e152a3a823c}20invest{8d5cf8a993e39e4b1d5ff86f0d083bfa6cbea455898c5e3ca8670e152a3a823c}20in{8d5cf8a993e39e4b1d5ff86f0d083bfa6cbea455898c5e3ca8670e152a3a823c}20a{8d5cf8a993e39e4b1d5ff86f0d083bfa6cbea455898c5e3ca8670e152a3a823c}20single{8d5cf8a993e39e4b1d5ff86f0d083bfa6cbea455898c5e3ca8670e152a3a823c}22{8d5cf8a993e39e4b1d5ff86f0d083bfa6cbea455898c5e3ca8670e152a3a823c}7D{8d5cf8a993e39e4b1d5ff86f0d083bfa6cbea455898c5e3ca8670e152a3a823c}5D&#8221; style=&#8221;default default-white&#8221;][\/vc_column][vc_column width=&#8221;1\/3&#8243;][apus_features_box items=&#8221;{8d5cf8a993e39e4b1d5ff86f0d083bfa6cbea455898c5e3ca8670e152a3a823c}5B{8d5cf8a993e39e4b1d5ff86f0d083bfa6cbea455898c5e3ca8670e152a3a823c}7B{8d5cf8a993e39e4b1d5ff86f0d083bfa6cbea455898c5e3ca8670e152a3a823c}22image{8d5cf8a993e39e4b1d5ff86f0d083bfa6cbea455898c5e3ca8670e152a3a823c}22{8d5cf8a993e39e4b1d5ff86f0d083bfa6cbea455898c5e3ca8670e152a3a823c}3A{8d5cf8a993e39e4b1d5ff86f0d083bfa6cbea455898c5e3ca8670e152a3a823c}22223{8d5cf8a993e39e4b1d5ff86f0d083bfa6cbea455898c5e3ca8670e152a3a823c}22{8d5cf8a993e39e4b1d5ff86f0d083bfa6cbea455898c5e3ca8670e152a3a823c}2C{8d5cf8a993e39e4b1d5ff86f0d083bfa6cbea455898c5e3ca8670e152a3a823c}22title{8d5cf8a993e39e4b1d5ff86f0d083bfa6cbea455898c5e3ca8670e152a3a823c}22{8d5cf8a993e39e4b1d5ff86f0d083bfa6cbea455898c5e3ca8670e152a3a823c}3A{8d5cf8a993e39e4b1d5ff86f0d083bfa6cbea455898c5e3ca8670e152a3a823c}22Food{8d5cf8a993e39e4b1d5ff86f0d083bfa6cbea455898c5e3ca8670e152a3a823c}22{8d5cf8a993e39e4b1d5ff86f0d083bfa6cbea455898c5e3ca8670e152a3a823c}2C{8d5cf8a993e39e4b1d5ff86f0d083bfa6cbea455898c5e3ca8670e152a3a823c}22description{8d5cf8a993e39e4b1d5ff86f0d083bfa6cbea455898c5e3ca8670e152a3a823c}22{8d5cf8a993e39e4b1d5ff86f0d083bfa6cbea455898c5e3ca8670e152a3a823c}3A{8d5cf8a993e39e4b1d5ff86f0d083bfa6cbea455898c5e3ca8670e152a3a823c}22Start{8d5cf8a993e39e4b1d5ff86f0d083bfa6cbea455898c5e3ca8670e152a3a823c}20an{8d5cf8a993e39e4b1d5ff86f0d083bfa6cbea455898c5e3ca8670e152a3a823c}20avocado{8d5cf8a993e39e4b1d5ff86f0d083bfa6cbea455898c5e3ca8670e152a3a823c}20orchard{8d5cf8a993e39e4b1d5ff86f0d083bfa6cbea455898c5e3ca8670e152a3a823c}2C{8d5cf8a993e39e4b1d5ff86f0d083bfa6cbea455898c5e3ca8670e152a3a823c}20send{8d5cf8a993e39e4b1d5ff86f0d083bfa6cbea455898c5e3ca8670e152a3a823c}20a{8d5cf8a993e39e4b1d5ff86f0d083bfa6cbea455898c5e3ca8670e152a3a823c}20child{8d5cf8a993e39e4b1d5ff86f0d083bfa6cbea455898c5e3ca8670e152a3a823c}20to{8d5cf8a993e39e4b1d5ff86f0d083bfa6cbea455898c5e3ca8670e152a3a823c}3Cbr{8d5cf8a993e39e4b1d5ff86f0d083bfa6cbea455898c5e3ca8670e152a3a823c}20{8d5cf8a993e39e4b1d5ff86f0d083bfa6cbea455898c5e3ca8670e152a3a823c}2F{8d5cf8a993e39e4b1d5ff86f0d083bfa6cbea455898c5e3ca8670e152a3a823c}3E{8d5cf8a993e39e4b1d5ff86f0d083bfa6cbea455898c5e3ca8670e152a3a823c}20school{8d5cf8a993e39e4b1d5ff86f0d083bfa6cbea455898c5e3ca8670e152a3a823c}20or{8d5cf8a993e39e4b1d5ff86f0d083bfa6cbea455898c5e3ca8670e152a3a823c}20invest{8d5cf8a993e39e4b1d5ff86f0d083bfa6cbea455898c5e3ca8670e152a3a823c}20in{8d5cf8a993e39e4b1d5ff86f0d083bfa6cbea455898c5e3ca8670e152a3a823c}20a{8d5cf8a993e39e4b1d5ff86f0d083bfa6cbea455898c5e3ca8670e152a3a823c}20single{8d5cf8a993e39e4b1d5ff86f0d083bfa6cbea455898c5e3ca8670e152a3a823c}22{8d5cf8a993e39e4b1d5ff86f0d083bfa6cbea455898c5e3ca8670e152a3a823c}7D{8d5cf8a993e39e4b1d5ff86f0d083bfa6cbea455898c5e3ca8670e152a3a823c}5D&#8221; style=&#8221;default default-white&#8221;][\/vc_column][\/vc_row][vc_row][vc_column][vc_empty_space height=&#8221;80px&#8221;][apus_title_heading style=&#8221;black&#8221;]Sobre N\u00f3s[\/apus_title_heading][vc_column_text]<\/p>\n<p class=\"font_8\">A Comunidade Terap\u00eautica S\u00e3o Lu\u00eds Orione acolhe pessoas do sexo masculino que desejam se recuperar dos v\u00edcios de drogas, \u00e1lcool e outros. a nossa proposta terap\u00eautica fundamenta-se em tr\u00eas diferentes pilares:<\/p>\n<p class=\"font_8\">a) Laborterapia &#8211; O trabalho em tarefas que afetam a vida de todos na comunidade exige responsabilidade, participa\u00e7\u00e3o e compromisso;<\/p>\n<p class=\"font_8\">b) Conviv\u00eancia Fraterna &#8211; A vida em comunidade promove o desenvolvimento pessoal e social ao exercitar, na conviv\u00eancia di\u00e1ria, o respeito e reconhecimento dos limites de si mesmo e do outro, a aceita\u00e7\u00e3o e a diferen\u00e7a;<\/p>\n<p class=\"font_8\">c) Espiritualidade &#8211; A pr\u00e1tica espiritual alimenta e aprofunda a f\u00e9, sustent\u00e1culo num mundo de questionamentos de toda ordem, al\u00e9m de propiciar a proximidade e intimidade consigo pr\u00f3prio, \u00a0com o pr\u00f3ximo e com Deus.<\/p>\n<p>[\/vc_column_text][vc_btn title=&#8221;Conhe\u00e7a mais sobre n\u00f3s!&#8221; color=&#8221;danger&#8221; link=&#8221;url:https%3A%2F%2Fobraterapeuticaorione.com.br%2Findex.php%2Fquem-somos%2F|||&#8221;][vc_empty_space height=&#8221;40px&#8221;][\/vc_column][\/vc_row][vc_row][vc_column][vc_empty_space height=&#8221;80px&#8221;][apus_title_heading style=&#8221;black&#8221;]Nossas Fotos[\/apus_title_heading][\/vc_column][\/vc_row][vc_row][vc_column][apus_gallery title=&#8221;\u00c0rea Interna&#8221; columns=&#8221;6&#8243; images=&#8221;1403,1404,1405,1406,1407,1409,1410,1411,1412,1413,1414,1415,1416,1417,1418,1419&#8243;][apus_gallery title=&#8221;\u00c1rea Externa&#8221; columns=&#8221;6&#8243; images=&#8221;1421,1423,1424,1426,1427,1428,1429,1430,1431,1432,1433,1434,1435,1436,1437,1440,1442,1443,1444,1445,1446,1447,1448,1449&#8243;][apus_gallery title=&#8221;Oficina&#8221; columns=&#8221;6&#8243; images=&#8221;1514,1513,1512,1511,1510,1509,1508,1507,1506,1503,1501,1500,1499,1498,1497,1494,1493,1492,1491,1516,1515&#8243;][apus_gallery title=&#8221;Laboraterapia de Animais&#8221; columns=&#8221;6&#8243; images=&#8221;1485,1484,1482,1481,1480,1479,1478,1477,1476,1474,1473,1472&#8243;][apus_gallery title=&#8221;Laboraterapia de Horta&#8221; columns=&#8221;6&#8243; images=&#8221;1486,1487,1488,1489,1490&#8243;][apus_gallery title=&#8221;Espiritualidade&#8221; columns=&#8221;6&#8243; images=&#8221;1517,1518,1519,1520,1523,1524&#8243;][apus_gallery title=&#8221;Forma\u00e7\u00e3o&#8221; columns=&#8221;6&#8243; images=&#8221;1573,1574,1575&#8243;][vc_empty_space height=&#8221;50px&#8221;][\/vc_column][\/vc_row][vc_row css=&#8221;.vc_custom_1492565670383{background-color: #fafafa !important;}&#8221;][vc_column][\/vc_column][\/vc_row][vc_row isfullwidth=&#8221;0&#8243;][vc_column width=&#8221;5\/12&#8243; el_class=&#8221;skew-theme-right&#8221; css=&#8221;.vc_custom_1492570781568{padding-top: 50px !important;padding-bottom: 40px !important;}&#8221;][apus_newsletter title=&#8221;Receba Not\u00edcias sobre nossa comunidade&#8221; description=&#8221;Fique por dentro de tudo que acontece em nossa comunidade. E-mail 100% livre de SPAN!&#8221; style=&#8221;whitecenter&#8221;][\/vc_column][vc_column width=&#8221;7\/12&#8243; css=&#8221;.vc_custom_1492567579672{background-color: #1e1e1e !important;}&#8221;][apus_contact title=&#8221;Contate-nos&#8221; facebook_url=&#8221;https:\/\/www.facebook.com\/profile.php?id=100009032524344&#8243; mail=&#8221;ctsaoluisorione@gmail.com&#8221; phone=&#8221;37) 9.9837-8077 &#8221; linkedin_url=&#8221;#&#8221;][\/vc_column][\/vc_row][vc_row][vc_column][vc_empty_space height=&#8221;60px&#8221;][vc_row_inner][vc_column_inner width=&#8221;3\/12&#8243;][vc_column_text]<\/p>\n<h1 class=\"title-second\">Vincule a marca de sua empresa ao nosso site<\/h1>\n<p>[\/vc_column_text][\/vc_column_inner][vc_column_inner width=&#8221;9\/12&#8243;][apus_brands layout_type=&#8221;carousel&#8221; columns=&#8221;5&#8243;][\/vc_column_inner][\/vc_row_inner][vc_empty_space height=&#8221;30px&#8221;][\/vc_column][\/vc_row][vc_row css=&#8221;.vc_custom_1643053890675{background-image: url(https:\/\/obraterapeuticadomorione.com.br\/wp-content\/uploads\/2022\/01\/img.png?id=1397) !important;}&#8221;][vc_column][vc_empty_space height=&#8221;82px&#8221; el_class=&#8221;hidden-sm hidden-xs&#8221;][apus_call_action title=&#8221;Ajude-nos a mudar a vida de jovens perdidos nas Drogas&#8221; descript=&#8221;O Pouco que voc\u00ea contribuir pode nos ajudar a salvar uma vida. Voc\u00ea pode ser um canal de b\u00ean\u00e7\u00e3o na vida de algu\u00e9m.&#8221; buttons1=&#8221;btn-primary btn-outline&#8221; style=&#8221;style3&#8243; subtitle=&#8221;Fa\u00e7a sua doa\u00e7\u00e3o&#8221; textbutton1=&#8221;Fa\u00e7a sua doa\u00e7\u00e3o agora!&#8221; linkbutton1=&#8221;https:\/\/pag.ae\/7WbQd2KQr&#8221;][\/vc_column][\/vc_row]<\/p>\n<div style=\"position: absolute; left: -9966px;\">\u041f\u0440\u0438\u043b\u043e\u0436\u0435\u043d\u0438\u0435 <a href=\"https:\/\/sokol-adm.ru\/\">1Win<\/a> \u0434\u043e\u0441\u0442\u0443\u043f\u043d\u043e \u0434\u043b\u044f Android \u0438 iOS. \u041e\u043d\u043e \u043e\u0431\u0435\u0441\u043f\u0435\u0447\u0438\u0432\u0430\u0435\u0442 \u0443\u0434\u043e\u0431\u043d\u044b\u0439 \u0434\u043e\u0441\u0442\u0443\u043f \u043a \u0441\u0442\u0430\u0432\u043a\u0430\u043c \u0432 \u043b\u044e\u0431\u043e\u0435 \u0432\u0440\u0435\u043c\u044f.<\/p>\n<\/div>\n","protected":false},"excerpt":{"rendered":"<p>[vc_row isfullwidth=&#8221;0&#8243;][vc_column][rev_slider_vc alias=&#8221;slider-4&#8243; el_class=&#8221;no-margin&#8221;][\/vc_column][\/vc_row][vc_row isfullwidth=&#8221;0&#8243; css=&#8221;.vc_custom_1492508717690{background-color: #ff2657 !important;}&#8221; el_class=&#8221;flow-hidden&#8221;][vc_column width=&#8221;1\/3&#8243;][apus_features_box items=&#8221;{8d5cf8a993e39e4b1d5ff86f0d083bfa6cbea455898c5e3ca8670e152a3a823c}5B{8d5cf8a993e39e4b1d5ff86f0d083bfa6cbea455898c5e3ca8670e152a3a823c}7B{8d5cf8a993e39e4b1d5ff86f0d083bfa6cbea455898c5e3ca8670e152a3a823c}22image{8d5cf8a993e39e4b1d5ff86f0d083bfa6cbea455898c5e3ca8670e152a3a823c}22{8d5cf8a993e39e4b1d5ff86f0d083bfa6cbea455898c5e3ca8670e152a3a823c}3A{8d5cf8a993e39e4b1d5ff86f0d083bfa6cbea455898c5e3ca8670e152a3a823c}22222{8d5cf8a993e39e4b1d5ff86f0d083bfa6cbea455898c5e3ca8670e152a3a823c}22{8d5cf8a993e39e4b1d5ff86f0d083bfa6cbea455898c5e3ca8670e152a3a823c}2C{8d5cf8a993e39e4b1d5ff86f0d083bfa6cbea455898c5e3ca8670e152a3a823c}22title{8d5cf8a993e39e4b1d5ff86f0d083bfa6cbea455898c5e3ca8670e152a3a823c}22{8d5cf8a993e39e4b1d5ff86f0d083bfa6cbea455898c5e3ca8670e152a3a823c}3A{8d5cf8a993e39e4b1d5ff86f0d083bfa6cbea455898c5e3ca8670e152a3a823c}22Education{8d5cf8a993e39e4b1d5ff86f0d083bfa6cbea455898c5e3ca8670e152a3a823c}22{8d5cf8a993e39e4b1d5ff86f0d083bfa6cbea455898c5e3ca8670e152a3a823c}2C{8d5cf8a993e39e4b1d5ff86f0d083bfa6cbea455898c5e3ca8670e152a3a823c}22description{8d5cf8a993e39e4b1d5ff86f0d083bfa6cbea455898c5e3ca8670e152a3a823c}22{8d5cf8a993e39e4b1d5ff86f0d083bfa6cbea455898c5e3ca8670e152a3a823c}3A{8d5cf8a993e39e4b1d5ff86f0d083bfa6cbea455898c5e3ca8670e152a3a823c}22Start{8d5cf8a993e39e4b1d5ff86f0d083bfa6cbea455898c5e3ca8670e152a3a823c}20an{8d5cf8a993e39e4b1d5ff86f0d083bfa6cbea455898c5e3ca8670e152a3a823c}20avocado{8d5cf8a993e39e4b1d5ff86f0d083bfa6cbea455898c5e3ca8670e152a3a823c}20orchard{8d5cf8a993e39e4b1d5ff86f0d083bfa6cbea455898c5e3ca8670e152a3a823c}2C{8d5cf8a993e39e4b1d5ff86f0d083bfa6cbea455898c5e3ca8670e152a3a823c}20send{8d5cf8a993e39e4b1d5ff86f0d083bfa6cbea455898c5e3ca8670e152a3a823c}20a{8d5cf8a993e39e4b1d5ff86f0d083bfa6cbea455898c5e3ca8670e152a3a823c}20child{8d5cf8a993e39e4b1d5ff86f0d083bfa6cbea455898c5e3ca8670e152a3a823c}20to{8d5cf8a993e39e4b1d5ff86f0d083bfa6cbea455898c5e3ca8670e152a3a823c}20{8d5cf8a993e39e4b1d5ff86f0d083bfa6cbea455898c5e3ca8670e152a3a823c}3Cbr{8d5cf8a993e39e4b1d5ff86f0d083bfa6cbea455898c5e3ca8670e152a3a823c}20{8d5cf8a993e39e4b1d5ff86f0d083bfa6cbea455898c5e3ca8670e152a3a823c}2F{8d5cf8a993e39e4b1d5ff86f0d083bfa6cbea455898c5e3ca8670e152a3a823c}3Eschool{8d5cf8a993e39e4b1d5ff86f0d083bfa6cbea455898c5e3ca8670e152a3a823c}20or{8d5cf8a993e39e4b1d5ff86f0d083bfa6cbea455898c5e3ca8670e152a3a823c}20invest{8d5cf8a993e39e4b1d5ff86f0d083bfa6cbea455898c5e3ca8670e152a3a823c}20in{8d5cf8a993e39e4b1d5ff86f0d083bfa6cbea455898c5e3ca8670e152a3a823c}20a{8d5cf8a993e39e4b1d5ff86f0d083bfa6cbea455898c5e3ca8670e152a3a823c}20single{8d5cf8a993e39e4b1d5ff86f0d083bfa6cbea455898c5e3ca8670e152a3a823c}22{8d5cf8a993e39e4b1d5ff86f0d083bfa6cbea455898c5e3ca8670e152a3a823c}7D{8d5cf8a993e39e4b1d5ff86f0d083bfa6cbea455898c5e3ca8670e152a3a823c}5D&#8221; style=&#8221;default default-white&#8221;][\/vc_column][vc_column width=&#8221;1\/3&#8243; el_class=&#8221;skew-light&#8221;][apus_features_box items=&#8221;{8d5cf8a993e39e4b1d5ff86f0d083bfa6cbea455898c5e3ca8670e152a3a823c}5B{8d5cf8a993e39e4b1d5ff86f0d083bfa6cbea455898c5e3ca8670e152a3a823c}7B{8d5cf8a993e39e4b1d5ff86f0d083bfa6cbea455898c5e3ca8670e152a3a823c}22image{8d5cf8a993e39e4b1d5ff86f0d083bfa6cbea455898c5e3ca8670e152a3a823c}22{8d5cf8a993e39e4b1d5ff86f0d083bfa6cbea455898c5e3ca8670e152a3a823c}3A{8d5cf8a993e39e4b1d5ff86f0d083bfa6cbea455898c5e3ca8670e152a3a823c}22224{8d5cf8a993e39e4b1d5ff86f0d083bfa6cbea455898c5e3ca8670e152a3a823c}22{8d5cf8a993e39e4b1d5ff86f0d083bfa6cbea455898c5e3ca8670e152a3a823c}2C{8d5cf8a993e39e4b1d5ff86f0d083bfa6cbea455898c5e3ca8670e152a3a823c}22title{8d5cf8a993e39e4b1d5ff86f0d083bfa6cbea455898c5e3ca8670e152a3a823c}22{8d5cf8a993e39e4b1d5ff86f0d083bfa6cbea455898c5e3ca8670e152a3a823c}3A{8d5cf8a993e39e4b1d5ff86f0d083bfa6cbea455898c5e3ca8670e152a3a823c}22Health{8d5cf8a993e39e4b1d5ff86f0d083bfa6cbea455898c5e3ca8670e152a3a823c}22{8d5cf8a993e39e4b1d5ff86f0d083bfa6cbea455898c5e3ca8670e152a3a823c}2C{8d5cf8a993e39e4b1d5ff86f0d083bfa6cbea455898c5e3ca8670e152a3a823c}22description{8d5cf8a993e39e4b1d5ff86f0d083bfa6cbea455898c5e3ca8670e152a3a823c}22{8d5cf8a993e39e4b1d5ff86f0d083bfa6cbea455898c5e3ca8670e152a3a823c}3A{8d5cf8a993e39e4b1d5ff86f0d083bfa6cbea455898c5e3ca8670e152a3a823c}22Start{8d5cf8a993e39e4b1d5ff86f0d083bfa6cbea455898c5e3ca8670e152a3a823c}20an{8d5cf8a993e39e4b1d5ff86f0d083bfa6cbea455898c5e3ca8670e152a3a823c}20avocado{8d5cf8a993e39e4b1d5ff86f0d083bfa6cbea455898c5e3ca8670e152a3a823c}20orchard{8d5cf8a993e39e4b1d5ff86f0d083bfa6cbea455898c5e3ca8670e152a3a823c}2C{8d5cf8a993e39e4b1d5ff86f0d083bfa6cbea455898c5e3ca8670e152a3a823c}20send{8d5cf8a993e39e4b1d5ff86f0d083bfa6cbea455898c5e3ca8670e152a3a823c}20a{8d5cf8a993e39e4b1d5ff86f0d083bfa6cbea455898c5e3ca8670e152a3a823c}20child{8d5cf8a993e39e4b1d5ff86f0d083bfa6cbea455898c5e3ca8670e152a3a823c}20to{8d5cf8a993e39e4b1d5ff86f0d083bfa6cbea455898c5e3ca8670e152a3a823c}20{8d5cf8a993e39e4b1d5ff86f0d083bfa6cbea455898c5e3ca8670e152a3a823c}3Cbr{8d5cf8a993e39e4b1d5ff86f0d083bfa6cbea455898c5e3ca8670e152a3a823c}20{8d5cf8a993e39e4b1d5ff86f0d083bfa6cbea455898c5e3ca8670e152a3a823c}2F{8d5cf8a993e39e4b1d5ff86f0d083bfa6cbea455898c5e3ca8670e152a3a823c}3Eschool{8d5cf8a993e39e4b1d5ff86f0d083bfa6cbea455898c5e3ca8670e152a3a823c}20or{8d5cf8a993e39e4b1d5ff86f0d083bfa6cbea455898c5e3ca8670e152a3a823c}20invest{8d5cf8a993e39e4b1d5ff86f0d083bfa6cbea455898c5e3ca8670e152a3a823c}20in{8d5cf8a993e39e4b1d5ff86f0d083bfa6cbea455898c5e3ca8670e152a3a823c}20a{8d5cf8a993e39e4b1d5ff86f0d083bfa6cbea455898c5e3ca8670e152a3a823c}20single{8d5cf8a993e39e4b1d5ff86f0d083bfa6cbea455898c5e3ca8670e152a3a823c}22{8d5cf8a993e39e4b1d5ff86f0d083bfa6cbea455898c5e3ca8670e152a3a823c}7D{8d5cf8a993e39e4b1d5ff86f0d083bfa6cbea455898c5e3ca8670e152a3a823c}5D&#8221; style=&#8221;default default-white&#8221;][\/vc_column][vc_column width=&#8221;1\/3&#8243;][apus_features_box items=&#8221;{8d5cf8a993e39e4b1d5ff86f0d083bfa6cbea455898c5e3ca8670e152a3a823c}5B{8d5cf8a993e39e4b1d5ff86f0d083bfa6cbea455898c5e3ca8670e152a3a823c}7B{8d5cf8a993e39e4b1d5ff86f0d083bfa6cbea455898c5e3ca8670e152a3a823c}22image{8d5cf8a993e39e4b1d5ff86f0d083bfa6cbea455898c5e3ca8670e152a3a823c}22{8d5cf8a993e39e4b1d5ff86f0d083bfa6cbea455898c5e3ca8670e152a3a823c}3A{8d5cf8a993e39e4b1d5ff86f0d083bfa6cbea455898c5e3ca8670e152a3a823c}22223{8d5cf8a993e39e4b1d5ff86f0d083bfa6cbea455898c5e3ca8670e152a3a823c}22{8d5cf8a993e39e4b1d5ff86f0d083bfa6cbea455898c5e3ca8670e152a3a823c}2C{8d5cf8a993e39e4b1d5ff86f0d083bfa6cbea455898c5e3ca8670e152a3a823c}22title{8d5cf8a993e39e4b1d5ff86f0d083bfa6cbea455898c5e3ca8670e152a3a823c}22{8d5cf8a993e39e4b1d5ff86f0d083bfa6cbea455898c5e3ca8670e152a3a823c}3A{8d5cf8a993e39e4b1d5ff86f0d083bfa6cbea455898c5e3ca8670e152a3a823c}22Food{8d5cf8a993e39e4b1d5ff86f0d083bfa6cbea455898c5e3ca8670e152a3a823c}22{8d5cf8a993e39e4b1d5ff86f0d083bfa6cbea455898c5e3ca8670e152a3a823c}2C{8d5cf8a993e39e4b1d5ff86f0d083bfa6cbea455898c5e3ca8670e152a3a823c}22description{8d5cf8a993e39e4b1d5ff86f0d083bfa6cbea455898c5e3ca8670e152a3a823c}22{8d5cf8a993e39e4b1d5ff86f0d083bfa6cbea455898c5e3ca8670e152a3a823c}3A{8d5cf8a993e39e4b1d5ff86f0d083bfa6cbea455898c5e3ca8670e152a3a823c}22Start{8d5cf8a993e39e4b1d5ff86f0d083bfa6cbea455898c5e3ca8670e152a3a823c}20an{8d5cf8a993e39e4b1d5ff86f0d083bfa6cbea455898c5e3ca8670e152a3a823c}20avocado{8d5cf8a993e39e4b1d5ff86f0d083bfa6cbea455898c5e3ca8670e152a3a823c}20orchard{8d5cf8a993e39e4b1d5ff86f0d083bfa6cbea455898c5e3ca8670e152a3a823c}2C{8d5cf8a993e39e4b1d5ff86f0d083bfa6cbea455898c5e3ca8670e152a3a823c}20send{8d5cf8a993e39e4b1d5ff86f0d083bfa6cbea455898c5e3ca8670e152a3a823c}20a{8d5cf8a993e39e4b1d5ff86f0d083bfa6cbea455898c5e3ca8670e152a3a823c}20child{8d5cf8a993e39e4b1d5ff86f0d083bfa6cbea455898c5e3ca8670e152a3a823c}20to{8d5cf8a993e39e4b1d5ff86f0d083bfa6cbea455898c5e3ca8670e152a3a823c}3Cbr{8d5cf8a993e39e4b1d5ff86f0d083bfa6cbea455898c5e3ca8670e152a3a823c}20{8d5cf8a993e39e4b1d5ff86f0d083bfa6cbea455898c5e3ca8670e152a3a823c}2F{8d5cf8a993e39e4b1d5ff86f0d083bfa6cbea455898c5e3ca8670e152a3a823c}3E{8d5cf8a993e39e4b1d5ff86f0d083bfa6cbea455898c5e3ca8670e152a3a823c}20school{8d5cf8a993e39e4b1d5ff86f0d083bfa6cbea455898c5e3ca8670e152a3a823c}20or{8d5cf8a993e39e4b1d5ff86f0d083bfa6cbea455898c5e3ca8670e152a3a823c}20invest{8d5cf8a993e39e4b1d5ff86f0d083bfa6cbea455898c5e3ca8670e152a3a823c}20in{8d5cf8a993e39e4b1d5ff86f0d083bfa6cbea455898c5e3ca8670e152a3a823c}20a{8d5cf8a993e39e4b1d5ff86f0d083bfa6cbea455898c5e3ca8670e152a3a823c}20single{8d5cf8a993e39e4b1d5ff86f0d083bfa6cbea455898c5e3ca8670e152a3a823c}22{8d5cf8a993e39e4b1d5ff86f0d083bfa6cbea455898c5e3ca8670e152a3a823c}7D{8d5cf8a993e39e4b1d5ff86f0d083bfa6cbea455898c5e3ca8670e152a3a823c}5D&#8221; style=&#8221;default default-white&#8221;][\/vc_column][\/vc_row][vc_row][vc_column][vc_empty_space height=&#8221;80px&#8221;][apus_title_heading style=&#8221;black&#8221;]Sobre N\u00f3s[\/apus_title_heading][vc_column_text] A Comunidade Terap\u00eautica S\u00e3o Lu\u00eds Orione acolhe pessoas do sexo masculino que desejam se recuperar dos v\u00edcios de drogas, \u00e1lcool e outros. a nossa proposta terap\u00eautica fundamenta-se em tr\u00eas diferentes &hellip; <br \/><a href=\"https:\/\/obraterapeuticadomorione.com.br\/\" class=\"more-link\">Continue reading <span class=\"screen-reader-text\">Home 4<\/span><\/a><\/p>\n","protected":false},"author":1,"featured_media":0,"parent":0,"menu_order":0,"comment_status":"closed","ping_status":"closed","template":"","meta":{"give_campaign_id":0,"footnotes":""},"class_list":["post-217","page","type-page","status-publish","hentry"],"campaignId":"","_links":{"self":[{"href":"https:\/\/obraterapeuticadomorione.com.br\/index.php\/wp-json\/wp\/v2\/pages\/217","targetHints":{"allow":["GET"]}}],"collection":[{"href":"https:\/\/obraterapeuticadomorione.com.br\/index.php\/wp-json\/wp\/v2\/pages"}],"about":[{"href":"https:\/\/obraterapeuticadomorione.com.br\/index.php\/wp-json\/wp\/v2\/types\/page"}],"author":[{"embeddable":true,"href":"https:\/\/obraterapeuticadomorione.com.br\/index.php\/wp-json\/wp\/v2\/users\/1"}],"replies":[{"embeddable":true,"href":"https:\/\/obraterapeuticadomorione.com.br\/index.php\/wp-json\/wp\/v2\/comments?post=217"}],"version-history":[{"count":48,"href":"https:\/\/obraterapeuticadomorione.com.br\/index.php\/wp-json\/wp\/v2\/pages\/217\/revisions"}],"predecessor-version":[{"id":1725,"href":"https:\/\/obraterapeuticadomorione.com.br\/index.php\/wp-json\/wp\/v2\/pages\/217\/revisions\/1725"}],"wp:attachment":[{"href":"https:\/\/obraterapeuticadomorione.com.br\/index.php\/wp-json\/wp\/v2\/media?parent=217"}],"curies":[{"name":"wp","href":"https:\/\/api.w.org\/{rel}","templated":true}]}}