{"id":444,"date":"2017-05-02T09:14:01","date_gmt":"2017-05-02T09:14:01","guid":{"rendered":"http:\/\/demoapus-wp.com\/charityheart\/?page_id=444"},"modified":"2023-06-06T15:14:03","modified_gmt":"2023-06-06T18:14:03","slug":"quem-somos","status":"publish","type":"page","link":"https:\/\/obraterapeuticadomorione.com.br\/index.php\/quem-somos\/","title":{"rendered":"Sobre n\u00f3s"},"content":{"rendered":"<p>[vc_row][vc_column][vc_empty_space height=&#8221;40px&#8221;][vc_empty_space height=&#8221;30px&#8221;][\/vc_column][\/vc_row][vc_row][vc_column width=&#8221;1\/2&#8243;][vc_single_image image=&#8221;1531&#8243; img_size=&#8221;large&#8221;][\/vc_column][vc_column width=&#8221;1\/2&#8243; css=&#8221;.vc_custom_1493716942055{padding-left: 45px !important;}&#8221;][vc_custom_heading text=&#8221;A comunidade terap\u00eautica S\u00e3o Lu\u00eds Orione&#8221; font_container=&#8221;tag:h2|font_size:30|text_align:left&#8221; css=&#8221;.vc_custom_1596501262692{margin-top: 15px !important;margin-right: 0px !important;margin-bottom: 30px !important;margin-left: 0px !important;}&#8221;][vc_custom_heading text=&#8221;A Comunidade Terap\u00eautica S\u00e3o Lu\u00eds Orione acolhe pessoas do sexo masculino que desejam se recuperar dos v\u00edcios de drogas, \u00e1lcool e outros. A nossa proposta terap\u00eautica fundamenta-se em tr\u00eas diferentes pilares:<\/p>\n<p>a) Laborterapia. O trabalho em tarefas que afetam a vida de todos na comunidade exige responsabilidade, participa\u00e7\u00e3o e compromisso;&#8221; font_container=&#8221;tag:div|font_size:14px|text_align:left&#8221; css=&#8221;.vc_custom_1614287015063{margin-top: 0px !important;margin-right: 0px !important;margin-bottom: 12px !important;margin-left: 0px !important;}&#8221;][vc_custom_heading text=&#8221;b) Conviv\u00eancia Fraterna. A vida em comunidade promove o desenvolvimento pessoal e social ao exercitar, na conviv\u00eancia di\u00e1ria, o respeito e reconhecimento dos limites de si mesmo e do outro, a aceita\u00e7\u00e3o e a diferen\u00e7a;<\/p>\n<p>c) Espiritualidade. A pr\u00e1tica espiritual alimenta e aprofunda a f\u00e9, sustent\u00e1culo num mundo de questionamentos de toda ordem, al\u00e9m de propiciar a proximidade e intimidade consigo pr\u00f3prio, com o pr\u00f3ximo e com Deus.&#8221; font_container=&#8221;tag:div|font_size:14px|text_align:left&#8221; css=&#8221;.vc_custom_1643059699176{margin-top: 0px !important;margin-right: 0px !important;margin-bottom: 0px !important;margin-left: 0px !important;}&#8221;][\/vc_column][\/vc_row][vc_row][vc_column][vc_empty_space height=&#8221;40px&#8221;][vc_empty_space height=&#8221;30px&#8221;][\/vc_column][\/vc_row][vc_row css=&#8221;.vc_custom_1493775331828{background-image: url(http:\/\/demoapus-wp.com\/charityheart\/wp-content\/uploads\/2017\/05\/Rectangle-663.jpg?id=454) !important;}&#8221;][vc_column][vc_empty_space height=&#8221;70px&#8221;][vc_custom_heading text=&#8221;Como podemos ajudar?&#8221; font_container=&#8221;tag:h2|font_size:30px|text_align:left&#8221; css=&#8221;.vc_custom_1596501363720{margin-top: 0px !important;margin-bottom: 30px !important;}&#8221;][vc_row_inner][vc_column_inner][apus_features_box items=&#8221;%5B%7B%22image%22%3A%22468%22%2C%22title%22%3A%22Educa%C3%A7%C3%A3o%20Religosa%22%2C%22description%22%3A%22A%20palavra%20de%20Deus%20pode%20transformar%20o%20homem%22%7D%2C%7B%22image%22%3A%22466%22%2C%22title%22%3A%22Terapia%20em%20Grupo%22%2C%22description%22%3A%22O%20relacionamento%20com%20outras%20pessoas%20que%20j%C3%A1%20passaram%20pelo%20mesmo%20problema.%22%7D%2C%7B%22image%22%3A%22467%22%2C%22title%22%3A%22O%20poder%20de%20Semear%22%2C%22description%22%3A%22Aprendemos%20a%20import%C3%A2ncia%20de%20servir%20e%20semear%20como%20valores%20importantes%20na%20constru%C3%A7%C3%A3o%20de%20uma%20nova%20identidade.%22%7D%5D&#8221; number=&#8221;4&#8243; style=&#8221;default&#8221;][\/vc_column_inner][\/vc_row_inner][vc_empty_space height=&#8221;30px&#8221;][\/vc_column][\/vc_row][vc_row][vc_column][vc_empty_space height=&#8221;60px&#8221;][\/vc_column][\/vc_row][vc_row][vc_column width=&#8221;1\/2&#8243;][vc_custom_heading text=&#8221;O que s\u00e3o Comunidades Terap\u00eauticas?&#8221; font_container=&#8221;tag:h2|font_size:30px|text_align:left&#8221; css=&#8221;.vc_custom_1596501879528{margin-top: 0px !important;margin-bottom: 30px !important;}&#8221;][vc_column_text]S\u00e3o institui\u00e7\u00f5es que prestam servi\u00e7os de reabilita\u00e7\u00e3o de pessoas com transtornos decorrentes do uso, abuso ou depend\u00eancia de subst\u00e2ncias psicoativas (SPA), em ambiente residencial e n\u00e3o m\u00e9dico. As comunidades terap\u00eauticas podem ser institui\u00e7\u00f5es urbanas ou rurais, p\u00fablicas, privadas, filantr\u00f3picas ou confessionais.\u00a0Na pr\u00e1tica, existe uma grande variedade de programas de reabilita\u00e7\u00e3o, mas todos possuem como instrumento terap\u00eautico comum a conviv\u00eancia entre os pares e o cuidado com o seu bem-estar f\u00edsico e ps\u00edquico dos residentes, num ambiente livre de SPA e de viol\u00eancia. A perman\u00eancia dos residentes na Comunidade Terap\u00eautica \u00e9 volunt\u00e1ria. A eles \u00e9 garantida a possibilidade de interromper o tratamento a qualquer momento.[\/vc_column_text][\/vc_column][vc_column width=&#8221;1\/2&#8243;][vc_single_image image=&#8221;1182&#8243; img_size=&#8221;large&#8221; alignment=&#8221;right&#8221; css=&#8221;.vc_custom_1596502293750{margin-bottom: 0px !important;}&#8221;][\/vc_column][\/vc_row][vc_row css=&#8221;.vc_custom_1493720968014{background-color: #222222 !important;}&#8221;][vc_column width=&#8221;8\/12&#8243; el_class=&#8221;skew-theme-right&#8221;][vc_empty_space height=&#8221;50px&#8221;][vc_custom_heading text=&#8221;Seja um Doador fa\u00e7a um <b>PIX- 20917647000190<\/b>&#8221; font_container=&#8221;tag:h2|font_size:24px|text_align:left&#8221; css=&#8221;.vc_custom_1643059927724{margin-top: 0px !important;margin-bottom: 0px !important;}&#8221;][vc_custom_heading text=&#8221;Ajude-nos a mudar e transformar vidas. Precisamos sempre da sua doa\u00e7\u00e3o para dar continuidade nessa obra. Seja um parceiro. Clique no bot\u00e3o ao lado e fa\u00e7a sua doa\u00e7\u00e3o.&#8221; font_container=&#8221;tag:div|font_size:16px|text_align:left|color:%23ffffff&#8221; google_fonts=&#8221;font_family:Alef%3Aregular%2C700|font_style:400%20regular%3A400%3Anormal&#8221; css=&#8221;.vc_custom_1596504787367{margin-bottom: 0px !important;}&#8221;][vc_empty_space height=&#8221;50px&#8221;][\/vc_column][vc_column width=&#8221;4\/12&#8243;][vc_empty_space height=&#8221;70px&#8221;][vc_column_text css=&#8221;.vc_custom_1596504835637{margin-bottom: 0px !important;}&#8221;]<\/p>\n<p style=\"text-align: center;\"><a class=\"btn btn-outline btn-theme\" href=\"https:\/\/pag.ae\/7WbQd2KQr\">Fa\u00e7a sua doa\u00e7\u00e3o! <\/a><\/p>\n<p>[\/vc_column_text][vc_empty_space height=&#8221;50px&#8221;][\/vc_column][\/vc_row][vc_row][vc_column][vc_empty_space height=&#8221;30px&#8221;][vc_empty_space height=&#8221;30px&#8221;][vc_empty_space height=&#8221;40px&#8221;][vc_custom_heading text=&#8221;O Carisma Orionita&#8221; font_container=&#8221;tag:h2|font_size:30px|text_align:left&#8221; css=&#8221;.vc_custom_1596502863259{margin-top: 0px !important;margin-bottom: 30px !important;}&#8221;][vc_column_text]<\/p>\n<p class=\"font_8\">S\u00e3o Lu\u00eds Orione \u00e9 o santo da caridade. O amor que o liga a Deus, o une aos homens.<\/p>\n<p class=\"font_8\"><strong>\u201cQuisera tornar-me o servo dos servos, dando minha vida pelos mais pobres e abandonados; quisera ser o louco de Cristo, viver e morrer de loucura de amor pelos irm\u00e3os. Amar sempre e dar a vida cantando o amor! Despojar-me de tudo! Semear caridade ao longo de meus passos&#8230;\u201d<\/strong><\/p>\n<p class=\"font_8\">Para ele, servir a Cristo nos mais abandonados e rejeitados \u00e9 um privil\u00e9gio, porque no mais humilde dos homens brilha a imagem de Deus.<\/p>\n<p class=\"font_8\">Dizia que \u00e9 preciso acompanhar os pobres em sua promo\u00e7\u00e3o humana e social para que sejam plenamente inseridos no conv\u00edvio social, pois toda corrente que tira a liberdade dos filhos de Deus deve ser rompida.<\/p>\n<p class=\"font_7\">Para S\u00e3o Lu\u00eds Orione o olhar de Deus \u00e9 como um orvalho que fortifica, um raio luminoso que fecunda e faz crescer: trabalhemos ent\u00e3o sem fazer barulho e sem tr\u00e9gua, trabalhemos sob o olhar de Deus, somente de Deus!<\/p>\n<p>[\/vc_column_text][vc_empty_space][\/vc_column][\/vc_row][vc_row css=&#8221;.vc_custom_1493776294665{background-color: #ffffff !important;}&#8221;][vc_column][vc_empty_space height=&#8221;30px&#8221;][vc_empty_space height=&#8221;30px&#8221;][vc_row_inner][vc_column_inner width=&#8221;1\/2&#8243; offset=&#8221;vc_col-lg-3 vc_col-md-3&#8243;][vc_custom_heading text=&#8221;Parceiros Institucionais&#8221; font_container=&#8221;tag:h2|font_size:22|text_align:left&#8221; css=&#8221;.vc_custom_1643060152801{margin-top: 0px !important;margin-bottom: 0px !important;}&#8221;][vc_empty_space height=&#8221;40px&#8221;][vc_column_text]Agradecemos aos nossos parceiros institucionais que j\u00e1 abra\u00e7aram esta obra com suas doa\u00e7\u00f5es e convidamos a outras empresas que queiram fazer parte desta corrente de solidariedade que ajuda na sustentabilidade da Comunidade Terap\u00eautica S\u00e3o Luis Orione. Seja tamb\u00e9m um parceiro. Vem Conosco![\/vc_column_text][\/vc_column_inner][vc_column_inner width=&#8221;1\/2&#8243; offset=&#8221;vc_col-lg-9 vc_col-md-9&#8243;][vc_empty_space height=&#8221;30px&#8221;][apus_brands number=&#8221;15&#8243; layout_type=&#8221;carousel&#8221; columns=&#8221;3&#8243;][\/vc_column_inner][\/vc_row_inner][vc_empty_space height=&#8221;40px&#8221;][\/vc_column][\/vc_row]<\/p>\n","protected":false},"excerpt":{"rendered":"<p>[vc_row][vc_column][vc_empty_space height=&#8221;40px&#8221;][vc_empty_space height=&#8221;30px&#8221;][\/vc_column][\/vc_row][vc_row][vc_column width=&#8221;1\/2&#8243;][vc_single_image image=&#8221;1531&#8243; img_size=&#8221;large&#8221;][\/vc_column][vc_column width=&#8221;1\/2&#8243; css=&#8221;.vc_custom_1493716942055{padding-left: 45px !important;}&#8221;][vc_custom_heading text=&#8221;A comunidade terap\u00eautica S\u00e3o Lu\u00eds Orione&#8221; font_container=&#8221;tag:h2|font_size:30|text_align:left&#8221; css=&#8221;.vc_custom_1596501262692{margin-top: 15px !important;margin-right: 0px !important;margin-bottom: 30px !important;margin-left: 0px !important;}&#8221;][vc_custom_heading text=&#8221;A Comunidade Terap\u00eautica S\u00e3o Lu\u00eds Orione acolhe pessoas do sexo masculino que desejam se recuperar dos v\u00edcios de drogas, \u00e1lcool e outros. A nossa proposta terap\u00eautica fundamenta-se em tr\u00eas &hellip; <br \/><a href=\"https:\/\/obraterapeuticadomorione.com.br\/index.php\/quem-somos\/\" class=\"more-link\">Continue reading <span class=\"screen-reader-text\">Sobre n\u00f3s<\/span><\/a><\/p>\n","protected":false},"author":1,"featured_media":0,"parent":0,"menu_order":0,"comment_status":"closed","ping_status":"closed","template":"","meta":{"give_campaign_id":0,"footnotes":""},"class_list":["post-444","page","type-page","status-publish","hentry"],"campaignId":"","_links":{"self":[{"href":"https:\/\/obraterapeuticadomorione.com.br\/index.php\/wp-json\/wp\/v2\/pages\/444","targetHints":{"allow":["GET"]}}],"collection":[{"href":"https:\/\/obraterapeuticadomorione.com.br\/index.php\/wp-json\/wp\/v2\/pages"}],"about":[{"href":"https:\/\/obraterapeuticadomorione.com.br\/index.php\/wp-json\/wp\/v2\/types\/page"}],"author":[{"embeddable":true,"href":"https:\/\/obraterapeuticadomorione.com.br\/index.php\/wp-json\/wp\/v2\/users\/1"}],"replies":[{"embeddable":true,"href":"https:\/\/obraterapeuticadomorione.com.br\/index.php\/wp-json\/wp\/v2\/comments?post=444"}],"version-history":[{"count":27,"href":"https:\/\/obraterapeuticadomorione.com.br\/index.php\/wp-json\/wp\/v2\/pages\/444\/revisions"}],"predecessor-version":[{"id":1577,"href":"https:\/\/obraterapeuticadomorione.com.br\/index.php\/wp-json\/wp\/v2\/pages\/444\/revisions\/1577"}],"wp:attachment":[{"href":"https:\/\/obraterapeuticadomorione.com.br\/index.php\/wp-json\/wp\/v2\/media?parent=444"}],"curies":[{"name":"wp","href":"https:\/\/api.w.org\/{rel}","templated":true}]}}