{"id":493,"date":"2017-05-03T02:32:34","date_gmt":"2017-05-03T02:32:34","guid":{"rendered":"http:\/\/demoapus-wp.com\/charityheart\/?page_id=493"},"modified":"2022-02-04T15:25:24","modified_gmt":"2022-02-04T18:25:24","slug":"contato","status":"publish","type":"page","link":"https:\/\/obraterapeuticadomorione.com.br\/index.php\/contato\/","title":{"rendered":"Fale Conosco"},"content":{"rendered":"<p>[vc_row][vc_column][vc_empty_space height=&#8221;40px&#8221;][vc_empty_space height=&#8221;30px&#8221;][\/vc_column][vc_column][\/vc_column][\/vc_row][vc_row][vc_column width=&#8221;4\/12&#8243;][vc_column_text]<\/p>\n<div class=\"infomation\">\n<h3 class=\"title\">Informa\u00e7\u00f5es<\/h3>\n<div class=\"des\">Est\u00e1 com d\u00favida? Entre em contato conosco?<\/div>\n<div><\/div>\n<div class=\"item\">\n<div class=\"item-right\">Fazenda Campo Alegre, Zona Rural, Morada Nova &#8211; MG<\/div>\n<\/div>\n<div class=\"item\">\n<div class=\"item-left\"><i class=\"mn-icon-260\"><span class=\"hidden\">hidd<\/span><\/i><\/div>\n<div class=\"item-right\">(37) 9.9929-8906<\/div>\n<\/div>\n<div class=\"item\">\n<div class=\"item-left\"><i class=\"mn-icon-220\"><span class=\"hidden\">hidd<\/span><\/i><\/div>\n<div class=\"item-right\"><a href=\"mailto:ctsaoluisorione@gmail.com\">ctsaoluisorione@gmail.com<\/a><\/div>\n<\/div>\n<\/div>\n<p>[\/vc_column_text][apus_socials_link facebook_url=&#8221;https:\/\/www.facebook.com\/people\/Orione-Ctslo\/100009032524344&#8243; instagram_url=&#8221;https:\/\/instagram.com\/ctslomoradanova?igshid=x7o6ylzigbhw&#8221;][\/vc_column][vc_column width=&#8221;8\/12&#8243;]\n<div class=\"wpcf7 no-js\" id=\"wpcf7-f496-o1\" lang=\"en-US\" dir=\"ltr\" data-wpcf7-id=\"496\">\n<div class=\"screen-reader-response\"><p role=\"status\" aria-live=\"polite\" aria-atomic=\"true\"><\/p> <ul><\/ul><\/div>\n<form action=\"\/index.php\/wp-json\/wp\/v2\/pages\/493#wpcf7-f496-o1\" method=\"post\" class=\"wpcf7-form init\" aria-label=\"Contact form\" novalidate=\"novalidate\" data-status=\"init\">\n<fieldset class=\"hidden-fields-container\"><input type=\"hidden\" name=\"_wpcf7\" value=\"496\" \/><input type=\"hidden\" name=\"_wpcf7_version\" value=\"6.1.4\" \/><input type=\"hidden\" name=\"_wpcf7_locale\" value=\"en_US\" \/><input type=\"hidden\" name=\"_wpcf7_unit_tag\" value=\"wpcf7-f496-o1\" \/><input type=\"hidden\" name=\"_wpcf7_container_post\" value=\"0\" \/><input type=\"hidden\" name=\"_wpcf7_posted_data_hash\" value=\"\" \/>\n<\/fieldset>\n<div class=\"contact\">\n\t<div class=\"row\">\n\t\t<div class=\"col-md-6 col-xs-12 \">\n\t\t\t<p><span class=\"wpcf7-form-control-wrap\" data-name=\"name\"><input size=\"40\" maxlength=\"400\" class=\"wpcf7-form-control wpcf7-text form-control\" aria-invalid=\"false\" placeholder=\"Nome*\" value=\"\" type=\"text\" name=\"name\" \/><\/span>\n\t\t\t<\/p>\n\t\t<\/div>\n\t\t<div class=\"col-md-6 col-xs-12\">\n\t\t\t<p><span class=\"wpcf7-form-control-wrap\" data-name=\"email-993\"><input size=\"40\" maxlength=\"400\" class=\"wpcf7-form-control wpcf7-email wpcf7-validates-as-required wpcf7-text wpcf7-validates-as-email form-control\" aria-required=\"true\" aria-invalid=\"false\" placeholder=\"Email *\" value=\"\" type=\"email\" name=\"email-993\" \/><\/span>\n\t\t\t<\/p>\n\t\t<\/div>\n\t<\/div>\n\t<p><span class=\"wpcf7-form-control-wrap\" data-name=\"subject\"><input size=\"40\" maxlength=\"400\" class=\"wpcf7-form-control wpcf7-text form-control\" aria-invalid=\"false\" placeholder=\"Assunto\" value=\"\" type=\"text\" name=\"subject\" \/><\/span><br \/>\n<span class=\"wpcf7-form-control-wrap\" data-name=\"textarea-897\"><textarea cols=\"40\" rows=\"10\" maxlength=\"2000\" class=\"wpcf7-form-control wpcf7-textarea wpcf7-validates-as-required form-control\" aria-required=\"true\" aria-invalid=\"false\" name=\"textarea-897\">Menssagem<\/textarea><\/span><br \/>\n<input class=\"wpcf7-form-control wpcf7-submit has-spinner btn btn-block\" type=\"submit\" value=\"Enviar Formul\u00e1rio\" \/>\n\t<\/p>\n<\/div><p style=\"display: none !important;\" class=\"akismet-fields-container\" data-prefix=\"_wpcf7_ak_\"><label>&#916;<textarea name=\"_wpcf7_ak_hp_textarea\" cols=\"45\" rows=\"8\" maxlength=\"100\"><\/textarea><\/label><input type=\"hidden\" id=\"ak_js_1\" name=\"_wpcf7_ak_js\" value=\"101\"\/><script>document.getElementById( \"ak_js_1\" ).setAttribute( \"value\", ( new Date() ).getTime() );<\/script><\/p><div class=\"wpcf7-response-output\" aria-hidden=\"true\"><\/div>\n<\/form>\n<\/div>\n[\/vc_column][\/vc_row][vc_row][vc_column][vc_empty_space height=&#8221;30px&#8221;][vc_empty_space height=&#8221;30px&#8221;][\/vc_column][\/vc_row][vc_row css=&#8221;.vc_custom_1493778923301{background-image: url(http:\/\/demoapus-wp.com\/charityheart\/wp-content\/uploads\/2017\/04\/shapre-green.jpg?id=294) !important;}&#8221;][vc_column width=&#8221;1\/2&#8243;][vc_single_image image=&#8221;1324&#8243; img_size=&#8221;full&#8221; css=&#8221;.vc_custom_1598634137518{margin-top: -35px !important;margin-bottom: 0px !important;margin-left: 50px !important;}&#8221;][\/vc_column][vc_column width=&#8221;1\/2&#8243;][apus_newsletter title=&#8221;Receba nosso informativo&#8221; description=&#8221;Fique por dentro de tudo que acontece em nossa comunidade. <strong>E-mail 100% livre de SPAN!<\/strong>&#8221; style=&#8221;style2&#8243;][\/vc_column][\/vc_row][vc_row][vc_column][vc_empty_space height=&#8221;70px&#8221;][\/vc_column][\/vc_row]<\/p>\n","protected":false},"excerpt":{"rendered":"<p>[vc_row][vc_column][vc_empty_space height=&#8221;40px&#8221;][vc_empty_space height=&#8221;30px&#8221;][\/vc_column][vc_column][\/vc_column][\/vc_row][vc_row][vc_column width=&#8221;4\/12&#8243;][vc_column_text] Informa\u00e7\u00f5es Est\u00e1 com d\u00favida? Entre em contato conosco? Fazenda Campo Alegre, Zona Rural, Morada Nova &#8211; MG hidd (37) 9.9929-8906 hidd ctsaoluisorione@gmail.com [\/vc_column_text][apus_socials_link facebook_url=&#8221;https:\/\/www.facebook.com\/people\/Orione-Ctslo\/100009032524344&#8243; instagram_url=&#8221;https:\/\/instagram.com\/ctslomoradanova?igshid=x7o6ylzigbhw&#8221;][\/vc_column][vc_column width=&#8221;8\/12&#8243;][\/vc_column][\/vc_row][vc_row][vc_column][vc_empty_space height=&#8221;30px&#8221;][vc_empty_space height=&#8221;30px&#8221;][\/vc_column][\/vc_row][vc_row css=&#8221;.vc_custom_1493778923301{background-image: url(http:\/\/demoapus-wp.com\/charityheart\/wp-content\/uploads\/2017\/04\/shapre-green.jpg?id=294) !important;}&#8221;][vc_column width=&#8221;1\/2&#8243;][vc_single_image image=&#8221;1324&#8243; img_size=&#8221;full&#8221; css=&#8221;.vc_custom_1598634137518{margin-top: -35px !important;margin-bottom: 0px !important;margin-left: 50px !important;}&#8221;][\/vc_column][vc_column width=&#8221;1\/2&#8243;][apus_newsletter title=&#8221;Receba nosso informativo&#8221; description=&#8221;Fique por dentro de tudo que &hellip; <br \/><a href=\"https:\/\/obraterapeuticadomorione.com.br\/index.php\/contato\/\" class=\"more-link\">Continue reading <span class=\"screen-reader-text\">Fale Conosco<\/span><\/a><\/p>\n","protected":false},"author":1,"featured_media":0,"parent":0,"menu_order":0,"comment_status":"closed","ping_status":"closed","template":"","meta":{"give_campaign_id":0,"footnotes":""},"class_list":["post-493","page","type-page","status-publish","hentry"],"campaignId":"","_links":{"self":[{"href":"https:\/\/obraterapeuticadomorione.com.br\/index.php\/wp-json\/wp\/v2\/pages\/493","targetHints":{"allow":["GET"]}}],"collection":[{"href":"https:\/\/obraterapeuticadomorione.com.br\/index.php\/wp-json\/wp\/v2\/pages"}],"about":[{"href":"https:\/\/obraterapeuticadomorione.com.br\/index.php\/wp-json\/wp\/v2\/types\/page"}],"author":[{"embeddable":true,"href":"https:\/\/obraterapeuticadomorione.com.br\/index.php\/wp-json\/wp\/v2\/users\/1"}],"replies":[{"embeddable":true,"href":"https:\/\/obraterapeuticadomorione.com.br\/index.php\/wp-json\/wp\/v2\/comments?post=493"}],"version-history":[{"count":13,"href":"https:\/\/obraterapeuticadomorione.com.br\/index.php\/wp-json\/wp\/v2\/pages\/493\/revisions"}],"predecessor-version":[{"id":1552,"href":"https:\/\/obraterapeuticadomorione.com.br\/index.php\/wp-json\/wp\/v2\/pages\/493\/revisions\/1552"}],"wp:attachment":[{"href":"https:\/\/obraterapeuticadomorione.com.br\/index.php\/wp-json\/wp\/v2\/media?parent=493"}],"curies":[{"name":"wp","href":"https:\/\/api.w.org\/{rel}","templated":true}]}}